{"id":1534,"date":"2025-07-31T15:34:37","date_gmt":"2025-07-31T13:34:37","guid":{"rendered":"https:\/\/family-camp.fr\/mentions-legales\/"},"modified":"2026-01-13T21:26:04","modified_gmt":"2026-01-13T20:26:04","slug":"terms-of-use","status":"publish","type":"page","link":"https:\/\/family-camp.fr\/en\/terms-of-use\/","title":{"rendered":"legal information"},"content":{"rendered":"\n<div class=\"wp-block-group has-global-padding is-layout-constrained wp-block-group-is-layout-constrained\" style=\"padding-top:var(--wp--preset--spacing--30);padding-bottom:var(--wp--preset--spacing--60)\">\n<h1 class=\"wp-block-heading has-text-align-center\">Terms of use<\/h1>\n\n\n\n<h2 class=\"wp-block-heading has-text-align-center\">Site manager<\/h2>\n\n\n\n<p class=\"has-text-align-center has-custom-color-5-color has-text-color has-link-color wp-elements-613c0750f7c8767a3bbe9a71593f1a57\"><strong>Family Camp Group<\/strong><br\/>Publication manager: Lucie Bernard<\/p>\n\n\n\n<p class=\"has-text-align-center\"><strong>SAS La Plage de l&#8217;Orb<br\/><\/strong>Address: Rue des Fleurs, 34460 Cessenon-sur-Orb<br\/>Tel: +334.67.89.53.29 or 07.49.19.12.75<br\/>Email: laplagedelorb@gmail.com<br\/>SIRET: 85045303600020<br\/>APE: 55.10Z <\/p>\n\n\n\n<p class=\"has-text-align-center\"><strong>Camping Les Berges du C\u00e9l\u00e9<br\/><\/strong>Address : La Plaine 46270 Bagnac sur C\u00e9l\u00e9<br\/>Phone : <a href=\"tel:0565349431\">+335 65 34 94 31<\/a><br\/>Email : <a href=\"mailto:lesbergesducele@gmail.com\">lesbergesducele@gmail.com<\/a><br\/>SIRET : 92993223400016<br\/>APE : 55.10Z <\/p>\n\n\n\n<p class=\"has-text-align-center\"><strong>Camping Le Clos Savoye<br\/><\/strong>Address: 4 Chemin du Clos Savoye<br\/>76630 Petit-Caux<br\/>Tel: <a href=\"tel:0235836106\">+332 35 83 61 06<\/a><br\/>E-mail: <a href=\"mailto:campingleclossavoye@gmail.com\">campingleclossavoye@gmail.com<\/a><br\/>SIRET:<br\/>APE: 55.10Z <\/p>\n\n\n\n<h2 class=\"wp-block-heading has-text-align-center\">Realization<\/h2>\n\n\n\n<p class=\"has-text-align-center\"><strong>GEEK TONIC<\/strong> Represented by Mr. Yohan Darmayan in his capacity as Manager <br\/>Head office: 16 chemin de Sabalce 64100 BAYONNE<br\/>Tel: <a href=\"https:\/\/www.google.com\/search?q=geek+tonic&amp;sxsrf=ALiCzsb97zG2dngu-WqfTOdPG_O6pmDSPQ%3A1665557722642&amp;ei=2mRGY-_0JorhlwS4vpuoCA&amp;ved=0ahUKEwjvyaSDjtr6AhWK8IUKHTjfBoUQ4dUDCA4&amp;uact=5&amp;oq=geek+tonic&amp;gs_lcp=Cgdnd3Mtd2l6EAMyBAgjECcyCgguEMcBEK8BECcyBggAEBYQHjIGCAAQFhAeMgIIJjoKCAAQRxDWBBCwAzoNCAAQ5AIQ1gQQsAMYAToICAAQFhAeEA86CAgAEBYQHhAKOgUIABCABDoLCC4QgAQQxwEQ0QM6CggAEIAEEIcCEBQ6CggAEIAEEAoQywFKBAhNGAFKBAhBGABKBAhGGAFQ4wtYgh1gkyBoAnABeACAAawBiAHRBJIBAzUuMZgBAKABAcgBDcABAdoBBggBEAEYCQ&amp;sclient=gws-wiz#\">+335 32 74 11 52<\/a> <br\/>E-mail: support@geek-tonic.com <br\/>Website: <a href=\"https:\/\/www.geek-tonic.com\/\">www.geek-tonic.com<\/a> <br\/>SIRET: 89746755100015<br\/>APE: 6201Z<\/p>\n\n\n\n<h2 class=\"wp-block-heading has-text-align-center\">Copyright<\/h2>\n\n\n\n<p class=\"has-text-align-center\">The entire content of this site is subject to copyright and intellectual property rights under French law. Any reproduction (including photos, icons and downloadable documents) is prohibited without prior consent from GEEK TONIC. Reproduction of all or part of the site in electronic or paper format is prohibited. GEEK TONIC accepts no responsibility for the content of the website. GEEK TONIC also accepts no responsibility for external links to this website.   <\/p>\n\n\n\n<h2 class=\"wp-block-heading has-text-align-center\">Personal data and nominative information<\/h2>\n\n\n\n<p class=\"has-text-align-center\">You have the right to access, modify, rectify and delete data concerning you in accordance with Article 34 of the French Data Protection Act (Loi &#8221; Informatique et Libert\u00e9s &#8221; n\u00b0 78-17 du 6 janvier 1978, modified on August 6, 2018). To deploy this right of access, you can do so by simple written request to the site editor. <\/p>\n\n\n\n<h2 class=\"wp-block-heading has-text-align-center\">Legislation<\/h2>\n\n\n\n<p class=\"has-text-align-center\">In accordance with the law of March 11, 1957 (art. 41) and the intellectual property code of July 1, 1992, it is forbidden to reproduce any part of the site in whole or in part without prior authorization from the site editor. Logos, visuals, photos, videos, graphic charts and texts are the property of their respective owners. This site may, without its knowledge, have been linked to other sites via hypermedia links. The site editor declines all responsibility for the information presented on these other sites. The Internet user acknowledges that use of this site is governed by French law.    <\/p>\n\n\n\n<h2 class=\"wp-block-heading has-text-align-center\">Mediation of consumer disputes<\/h2>\n\n\n\n<p class=\"has-text-align-center\">In accordance with the provisions of the French Consumer Code concerning &#8220;the mediation process for consumer disputes&#8221;, the customer has the right to use, free of charge, the mediation service offered by Les Berges de la Dordogne campsite. The &#8220;consumer law&#8221; mediator thus proposed is CM2C. This mediation service can be contacted by : &#8211; electronically: www.cm2c.net; &#8211; or by post: CM2C &#8211; Centre de m\u00e9diation et r\u00e8glement amiable des huissiers de justice &#8211; 14, Rue Saint-Jean, 75017 Paris.  <\/p>\n\n\n\n<h2 class=\"wp-block-heading has-text-align-center\">Responsibility for legal content<\/h2>\n\n\n\n<p class=\"has-text-align-center\">As the owner of your site, it is your responsibility to ensure that the Legal Notice and Privacy Policy pages comply with current legislation, in particular the RGPD (General Data Protection Regulation) for sites collecting personal data. These pages must be updated regularly and transparently reflect your company&#8217;s legal and practical information, as well as the personal data processing carried out. <\/p>\n\n\n\n<p class=\"has-text-align-center\">Our agency can help you with the technical set-up of these pages, but you remain responsible for their legal content. We strongly recommend that you consult a legal expert to ensure that your legal notices and privacy policy comply with the legislation applicable to your business. Contact us if you need to, and we&#8217;ll be happy to refer you to a partner lawyer.  <\/p>\n<\/div>\n","protected":false},"excerpt":{"rendered":"<p>Terms of use Site manager Family Camp GroupPublication manager: Lucie Bernard SAS La Plage de l&#8217;OrbAddress: Rue des Fleurs, 34460 Cessenon-sur-OrbTel: +334.67.89.53.29 or 07.49.19.12.75Email: laplagedelorb@gmail.comSIRET: 85045303600020APE: 55.10Z Camping Les Berges du C\u00e9l\u00e9Address : La Plaine 46270 Bagnac sur C\u00e9l\u00e9Phone : +335 65 34 94 31Email : lesbergesducele@gmail.comSIRET : 92993223400016APE : 55.10Z Camping Le Clos SavoyeAddress: [&hellip;]<\/p>\n","protected":false},"author":1,"featured_media":1063,"parent":0,"menu_order":0,"comment_status":"closed","ping_status":"closed","template":"","meta":{"_acf_changed":false,"_seopress_robots_primary_cat":"","_seopress_titles_title":"Terms of use","_seopress_titles_desc":"Ensure your site's compliance with our RGPD expertise. Contact GEEK TONIC for adapted and secure legal notices. ","_seopress_robots_index":"yes","_gt_ctv_global_id":"","_gt_ctv_id_group":false,"inline_featured_image":false,"gt_fse_maillage_image":"https:\/\/family-camp.fr\/wp-content\/uploads\/2025\/09\/1_resultat-10.webp","gt_fse_maillage_titre":"Legal framework of the site","gt_fse_maillage_alt":"family vacations","gt_fse_maillage_resume":"","footnotes":""},"categories":[],"tags":[],"class_list":["post-1534","page","type-page","status-publish","has-post-thumbnail","hentry"],"acf":[],"_links":{"self":[{"href":"https:\/\/family-camp.fr\/en\/wp-json\/wp\/v2\/pages\/1534","targetHints":{"allow":["GET"]}}],"collection":[{"href":"https:\/\/family-camp.fr\/en\/wp-json\/wp\/v2\/pages"}],"about":[{"href":"https:\/\/family-camp.fr\/en\/wp-json\/wp\/v2\/types\/page"}],"author":[{"embeddable":true,"href":"https:\/\/family-camp.fr\/en\/wp-json\/wp\/v2\/users\/1"}],"replies":[{"embeddable":true,"href":"https:\/\/family-camp.fr\/en\/wp-json\/wp\/v2\/comments?post=1534"}],"version-history":[{"count":6,"href":"https:\/\/family-camp.fr\/en\/wp-json\/wp\/v2\/pages\/1534\/revisions"}],"predecessor-version":[{"id":1685,"href":"https:\/\/family-camp.fr\/en\/wp-json\/wp\/v2\/pages\/1534\/revisions\/1685"}],"wp:featuredmedia":[{"embeddable":true,"href":"https:\/\/family-camp.fr\/en\/wp-json\/wp\/v2\/media\/1063"}],"wp:attachment":[{"href":"https:\/\/family-camp.fr\/en\/wp-json\/wp\/v2\/media?parent=1534"}],"wp:term":[{"taxonomy":"category","embeddable":true,"href":"https:\/\/family-camp.fr\/en\/wp-json\/wp\/v2\/categories?post=1534"},{"taxonomy":"post_tag","embeddable":true,"href":"https:\/\/family-camp.fr\/en\/wp-json\/wp\/v2\/tags?post=1534"}],"curies":[{"name":"wp","href":"https:\/\/api.w.org\/{rel}","templated":true}]}}