{"id":1527,"date":"2025-07-04T09:19:59","date_gmt":"2025-07-04T07:19:59","guid":{"rendered":"https:\/\/family-camp.fr\/contact-acces-campings-seine-maritime-herault-lot\/"},"modified":"2025-09-22T11:34:58","modified_gmt":"2025-09-22T09:34:58","slug":"contact-acces-campsites-seine-maritime-herault-lot","status":"publish","type":"page","link":"https:\/\/family-camp.fr\/en\/contact-acces-campsites-seine-maritime-herault-lot\/","title":{"rendered":"Contact and access"},"content":{"rendered":"\n<section class=\"wp-block-group alignfull home-intro page-intro has-background has-global-padding is-layout-constrained wp-container-core-group-is-layout-e4b4af6a wp-block-group-is-layout-constrained\" style=\"border-top-left-radius:50px;border-top-right-radius:50px;border-bottom-left-radius:0px;border-bottom-right-radius:0px;background-color:rgba(252,245,239,1);margin-top:0px;margin-right:0px;margin-bottom:0px;margin-left:0px;padding-top:var(--wp--preset--spacing--20);padding-right:0px;padding-bottom:var(--wp--preset--spacing--50);padding-left:0px\">\n<div class=\"wp-block-columns alignwide is-layout-flex wp-container-core-columns-is-layout-df002bbd wp-block-columns-is-layout-flex\" style=\"border-radius:0px;margin-top:var(--wp--preset--spacing--50);margin-bottom:0px;padding-top:0px;padding-right:0px;padding-bottom:0px;padding-left:0px\">\n<div class=\"wp-block-column is-vertically-aligned-start is-layout-flow wp-block-column-is-layout-flow\" style=\"flex-basis:50%\">\n<div class=\"wp-block-group has-global-padding is-content-justification-left is-layout-constrained wp-container-core-group-is-layout-197b12c0 wp-block-group-is-layout-constrained\" style=\"margin-top:0px;margin-right:0px;margin-bottom:0px;margin-left:0px\">\n<h1 class=\"wp-block-heading has-text-align-left has-minison-font-family has-text-color\" style=\"color:rgba(6,5,94,1);margin-top:0px;margin-right:0px;margin-bottom:0px;margin-left:0px;font-size:clamp(39.623px, 2.476rem + ((1vw - 3.2px) * 2.811), 74.2px);font-style:normal;font-weight:400;line-height:1.0\">Contact and access to our campsites<\/h1>\n<\/div>\n<\/div>\n\n\n\n<div class=\"wp-block-column is-vertically-aligned-center is-layout-flow wp-block-column-is-layout-flow\" style=\"flex-basis:50%\">\n<div class=\"wp-block-group is-horizontal is-content-justification-center is-nowrap is-layout-flex wp-container-core-group-is-layout-f8ff1399 wp-block-group-is-layout-flex\" style=\"border-radius:0px;margin-top:0px;margin-right:0px;margin-bottom:0px;margin-left:0px;padding-top:0px;padding-right:0px;padding-bottom:0px;padding-left:0px\">\n<div class=\"wp-block-group group-paragraph has-global-padding is-content-justification-left is-layout-constrained wp-container-core-group-is-layout-6a9def6a wp-block-group-is-layout-constrained\" style=\"margin-top:0px;margin-right:0px;margin-bottom:0px;margin-left:0px\">\n<p class=\"has-text-align-left has-text-color has-link-color has-outreque-light-font-family wp-elements-b692cd2b491f2107ffbea4e588aadac9\" style=\"color:rgba(98,91,113,1);margin-top:0px;margin-right:0px;margin-bottom:0px;margin-left:0px;font-size:clamp(14px, 0.875rem + ((1vw - 3.2px) * 0.244), 17px);font-style:normal;font-weight:300;line-height:1.9\">Would you like to book a stay, ask our teams a question or organize your arrival? Here you&#8217;ll find all the <strong>contact<\/strong> details for <a href=\"https:\/\/family-camp.fr\/en\/\" data-type=\"page\" data-id=\"8\">FamilyCamp campsites in H\u00e9rault, Lot and Seine-Maritime<\/a>, as well as <strong>practical information<\/strong> for easy access to your vacation destination: GPS coordinates, bike access, road and rail links. <\/p>\n<\/div>\n<\/div>\n<\/div>\n<\/div>\n<\/section>\n\n<section class=\"wp-block-group section-services page-two reverse has-custom-color-5-background-color has-background is-layout-flow wp-block-group-is-layout-flow\" style=\"border-top-left-radius:50px;border-top-right-radius:50px;padding-top:var(--wp--preset--spacing--50);padding-bottom:var(--wp--preset--spacing--60)\">\n<div class=\"wp-block-columns alignwide is-layout-flex wp-container-core-columns-is-layout-beebde9b wp-block-columns-is-layout-flex\" style=\"border-radius:0px;margin-top:0px;margin-right:0px;margin-bottom:0px;margin-left:0px;padding-top:0px;padding-right:0px;padding-bottom:0px;padding-left:0px\">\n<div class=\"wp-block-column is-vertically-aligned-center left gt-no-padding-mobile is-layout-flow wp-block-column-is-layout-flow\" style=\"padding-left:var(--wp--preset--spacing--50);flex-basis:50%\">\n<div class=\"wp-block-group group-paragraph has-global-padding is-content-justification-left is-layout-constrained wp-container-core-group-is-layout-197b12c0 wp-block-group-is-layout-constrained\" style=\"margin-top:0px;margin-right:0px;margin-bottom:0px;margin-left:0px\">\n<h2 class=\"wp-block-heading has-custom-color-6-color has-text-color has-link-color wp-elements-b8e89b223a122236a8320329a52c4584\">Contact campsites<\/h2>\n\n\n\n<h3 class=\"wp-block-heading has-custom-color-6-color has-text-color has-link-color wp-elements-c57822a5299b2e410dd866a9d7860b4a\">Contact camping La plage de l&#8217;Orb<\/h3>\n\n\n\n<p class=\"has-custom-color-6-color has-text-color has-link-color wp-elements-b6e8a845537c1a3826def08283ebb08f\">For any request or further information, please <a href=\"https:\/\/www.laplagedelorb.com\/contact-acces-cessenon-sur-orb\/#formulaire-contact\" target=\"_blank\" rel=\"noreferrer noopener\">use the contact form to contact La Plage de l&#8217;Orb campsite in H\u00e9rault<\/a> by telephone on <strong><a href=\"tel:0467895329\">04 67 89 53 29<\/a><\/strong> or by email at <a href=\"mailto:laplagedelorb@gmail.com\">laplagedelorb@gmail.com<\/a><\/p>\n\n\n\n<h3 class=\"wp-block-heading has-custom-color-6-color has-text-color has-link-color wp-elements-5feadec9b6127b7a2866daacc5e26f92\">Contact Les Berges du C\u00e9l\u00e9 campsite<\/h3>\n\n\n\n<p class=\"has-custom-color-6-color has-text-color has-link-color wp-elements-87e7745e31227c551a3a5493e55b9f61\">To contact the team at Les Berges du C\u00e9l\u00e9 campsite near Figeac, call <strong><a href=\"tel:05%2065%2034%2094%2031\">05 65 34 94 31<\/a><\/strong>by e-mail at <a href=\"mailto:lesbergesducele@gmail.com\">lesbergesducele@gmail.com<\/a> or leave your message on the <a href=\"https:\/\/www.lesbergesducele.com\/contact-acces-bagnac-sur-cele\/#formulaire-contact\">contact form<strong> <\/strong>online<\/a>!<\/p>\n\n\n\n<h3 class=\"wp-block-heading has-custom-color-6-color has-text-color has-link-color wp-elements-1c295aec57fbbef2971f33c4ad42725e\">Contact camping Le clos Savoye<\/h3>\n\n\n\n<p class=\"has-custom-color-6-color has-text-color has-link-color wp-elements-23a351a4c81335b9d2f9c48532d5601e\">Need help with your reservation? Contact the team at <a href=\"https:\/\/camping-leclossavoye.fr\/contact-acces-biville-sur-mer\/#formulaire-contact\" target=\"_blank\" rel=\"noreferrer noopener\">Le Clos Savoye campsite in Seine-Maritime via the contact form<\/a>, or by phone on <strong><a href=\"tel:0235836106\">02 35 83 61 06<\/a> <\/strong>or send an email to <a href=\"mailto:campingleclossavoye@gmail.com\">campingleclossavoye@gmail.com.<\/a> <\/p>\n<\/div>\n<\/div>\n\n\n\n<div class=\"wp-block-column is-vertically-aligned-center is-layout-flow wp-block-column-is-layout-flow\" style=\"padding-right:0;padding-left:var(--wp--preset--spacing--30);flex-basis:50%\">\n<div data-swiper=\"{&quot;speed&quot;:1000,&quot;autoplay&quot;:{&quot;delay&quot;:5000,&quot;disableOnInteraction&quot;:false},&quot;spaceBetween&quot;:0,&quot;slidesPerView&quot;:1,&quot;pagination&quot;:{&quot;el&quot;:&quot;.swiper-pagination&quot;,&quot;dynamicBullets&quot;:true,&quot;clickable&quot;:true,&quot;type&quot;:&quot;bullets&quot;},&quot;navigation&quot;:{&quot;nextEl&quot;:&quot;.swiper-button-next&quot;,&quot;prevEl&quot;:&quot;.swiper-button-prev&quot;},&quot;breakpoints&quot;:[{&quot;slidesPerView&quot;:1}]}\" class=\"wp-block-cover alignwide is-light has-custom-content-position is-position-top-center blob-image\" style=\"border-top-left-radius:50px;border-bottom-left-radius:50px;min-height:850px;aspect-ratio:unset;\"><img decoding=\"async\" width=\"2000\" height=\"1400\" class=\"wp-block-cover__image-background wp-image-974 size-full\" alt=\"acces family camp\" src=\"https:\/\/family-camp.fr\/wp-content\/uploads\/2025\/09\/2_resultat-1.webp\" data-object-fit=\"cover\" srcset=\"https:\/\/family-camp.fr\/wp-content\/uploads\/2025\/09\/2_resultat-1.webp 2000w, https:\/\/family-camp.fr\/wp-content\/uploads\/2025\/09\/2_resultat-1-300x210.webp 300w, https:\/\/family-camp.fr\/wp-content\/uploads\/2025\/09\/2_resultat-1-1024x717.webp 1024w, https:\/\/family-camp.fr\/wp-content\/uploads\/2025\/09\/2_resultat-1-768x538.webp 768w, https:\/\/family-camp.fr\/wp-content\/uploads\/2025\/09\/2_resultat-1-1536x1075.webp 1536w\" sizes=\"(max-width: 2000px) 100vw, 2000px\" \/><span aria-hidden=\"true\" class=\"wp-block-cover__background has-background-dim-0 has-background-dim\" style=\"background-color:#ab988b\"><\/span><div class=\"wp-block-cover__inner-container is-layout-flow wp-block-cover-is-layout-flow\">\n<p class=\"has-text-align-center has-large-font-size\"><\/p>\n<\/div><\/div>\n<\/div>\n<\/div>\n<\/section>\n\n<section class=\"wp-block-group section-services page-two reverse is-layout-flow wp-block-group-is-layout-flow\" style=\"border-top-left-radius:50px;border-top-right-radius:50px;padding-top:var(--wp--preset--spacing--50);padding-bottom:var(--wp--preset--spacing--50)\">\n<div class=\"wp-block-columns alignwide is-layout-flex wp-container-core-columns-is-layout-beebde9b wp-block-columns-is-layout-flex\" style=\"border-radius:0px;margin-top:0px;margin-right:0px;margin-bottom:0px;margin-left:0px;padding-top:0px;padding-right:0px;padding-bottom:0px;padding-left:0px\">\n<div class=\"wp-block-column is-vertically-aligned-center left is-layout-flow wp-block-column-is-layout-flow\" style=\"flex-basis:50%\">\n<div data-swiper=\"{&quot;speed&quot;:1000,&quot;autoplay&quot;:{&quot;delay&quot;:5000,&quot;disableOnInteraction&quot;:false},&quot;spaceBetween&quot;:0,&quot;slidesPerView&quot;:1,&quot;pagination&quot;:{&quot;el&quot;:&quot;.swiper-pagination&quot;,&quot;dynamicBullets&quot;:true,&quot;clickable&quot;:true,&quot;type&quot;:&quot;bullets&quot;},&quot;navigation&quot;:{&quot;nextEl&quot;:&quot;.swiper-button-next&quot;,&quot;prevEl&quot;:&quot;.swiper-button-prev&quot;},&quot;breakpoints&quot;:[{&quot;slidesPerView&quot;:1}]}\" class=\"wp-block-cover alignwide is-light has-custom-content-position is-position-top-center blob-image\" style=\"border-top-right-radius:50px;border-bottom-right-radius:50px;min-height:750px;aspect-ratio:unset;\"><img decoding=\"async\" class=\"wp-block-cover__image-background wp-image-660 size-full\" alt=\"zwei jungen im wohnwagen\" src=\"http:\/\/www.laplagedelorb.com\/wp-content\/uploads\/sites\/2\/2025\/07\/camping-famille-dans-lHerault-e1752844694936.jpg\" data-object-fit=\"cover\"\/><span aria-hidden=\"true\" class=\"wp-block-cover__background has-background-dim-0 has-background-dim\"><\/span><div class=\"wp-block-cover__inner-container is-layout-flow wp-block-cover-is-layout-flow\">\n<p class=\"has-text-align-center has-large-font-size\"><\/p>\n<\/div><\/div>\n<\/div>\n\n\n\n<div class=\"wp-block-column is-vertically-aligned-center is-layout-flow wp-block-column-is-layout-flow\" style=\"padding-right:var(--wp--preset--spacing--60);padding-left:var(--wp--preset--spacing--50);flex-basis:50%\">\n<div class=\"wp-block-group is-layout-flow wp-block-group-is-layout-flow\" style=\"margin-top:0px;margin-right:0px;margin-bottom:0px;margin-left:0px\">\n<h2 class=\"wp-block-heading\" style=\"margin-bottom:var(--wp--preset--spacing--20)\">Campsites near B\u00e9ziers, Figeac and Dieppe<\/h2>\n\n\n\n<p class=\"has-text-color has-link-color has-outreque-light-font-family wp-elements-f189eb097606cac66599fd98246ad8aa\" style=\"color:rgba(98,91,113,1);margin-top:0px;margin-right:0px;margin-bottom:0px;margin-left:0px;font-size:clamp(14px, 0.875rem + ((1vw - 3.2px) * 0.244), 17px);font-style:normal;font-weight:300;line-height:1.9\">The FamilyCamp campsites La Plage de l&#8217;Orb, Les Berges du C\u00e9l\u00e9 and Le Clos Savoye are <strong>easily accessible<\/strong> whether you travel by car, train or bike.<\/p>\n\n\n\n<details class=\"gt-fse-faq wp-block-gt-gt-fse-faq\" data-wp-interactive=\"gt-fse-faq\" data-wp-context='{ \"isOpen\": false }'>\n\t<summary aria-expanded=\"false\" class=\"gt-fse-faq-summary\" data-wp-on--click=\"actions.toggle\" data-wp-bind--aria-expanded=\"context.isOpen\">\n\t\t<div class=\"gt-fse-faq-summary-text\"><strong>How to get to La Plage de l&#8217;Orb campsite in H\u00e9rault<\/strong><\/div>\n\t\t<span class=\"gt-fse-faq-opener\"><\/span>\n\t<\/summary>\n\t<div class=\"gt-fse-faq-content\">\n\t\t\n\n<p class=\"has-text-color has-link-color has-outreque-light-font-family wp-elements-bc007319ed1bae0d15340e0a8c6adf0e\" style=\"color:rgba(98,91,113,1);margin-top:0px;margin-right:0px;margin-bottom:0px;margin-left:0px;font-size:clamp(14px, 0.875rem + ((1vw - 3.2px) * 0.244), 17px);font-style:normal;font-weight:300;line-height:1.9\">The campsite is located in Cessenon-sur-Orb, 30 minutes from B\u00e9ziers.<\/p>\n\n\n\n<p class=\"has-text-color has-link-color has-outreque-light-font-family wp-elements-3ec3a1c6af16fcb0c0a7bf975b730d38\" style=\"color:rgba(98,91,113,1);margin-top:0px;margin-right:0px;margin-bottom:0px;margin-left:0px;font-size:clamp(14px, 0.875rem + ((1vw - 3.2px) * 0.244), 17px);font-style:normal;font-weight:300;line-height:1.9\"><strong>GPS coordinates<\/strong>: 43.4880 \/ 3.0425.<\/p>\n\n\n\n<p class=\"has-text-color has-link-color has-outreque-light-font-family wp-elements-9e8bbb3d1472534332275d9f4daed1c2\" style=\"color:rgba(98,91,113,1);margin-top:0px;margin-right:0px;margin-bottom:0px;margin-left:0px;font-size:clamp(14px, 0.875rem + ((1vw - 3.2px) * 0.244), 17px);font-style:normal;font-weight:300;line-height:1.9\">From the A9 or A75, take the B\u00e9ziers exit, then follow signs for Cessenon-sur-Orb.<\/p>\n\n\n\n<p class=\"has-text-color has-link-color has-outreque-light-font-family wp-elements-2566c4d6ab6e3092e3911169bf726fbb\" style=\"color:rgba(98,91,113,1);margin-top:0px;margin-right:0px;margin-bottom:0px;margin-left:0px;font-size:clamp(14px, 0.875rem + ((1vw - 3.2px) * 0.244), 17px);font-style:normal;font-weight:300;line-height:1.9\">The nearest station is B\u00e9ziers, served by high-speed lines to Paris, Lyon, Marseille, Toulouse, Perpignan and Barcelona.<\/p>\n\n\t<\/div>\n<\/details>\n\n\n<details class=\"gt-fse-faq wp-block-gt-gt-fse-faq\" data-wp-interactive=\"gt-fse-faq\" data-wp-context='{ \"isOpen\": false }'>\n\t<summary aria-expanded=\"false\" class=\"gt-fse-faq-summary\" data-wp-on--click=\"actions.toggle\" data-wp-bind--aria-expanded=\"context.isOpen\">\n\t\t<div class=\"gt-fse-faq-summary-text\"><strong><strong>How to get to Les Berges du C\u00e9l\u00e9 campsite in the Lot department<\/strong><\/strong><\/div>\n\t\t<span class=\"gt-fse-faq-opener\"><\/span>\n\t<\/summary>\n\t<div class=\"gt-fse-faq-content\">\n\t\t\n\n<p class=\"has-text-color has-link-color has-outreque-light-font-family wp-elements-72f12613511a72efb7d242cd5766fb5a\" style=\"color:rgba(98,91,113,1);margin-top:0px;margin-right:0px;margin-bottom:0px;margin-left:0px;font-size:clamp(14px, 0.875rem + ((1vw - 3.2px) * 0.244), 17px);font-style:normal;font-weight:300;line-height:1.9\">The campsite is located in Bagnac-sur-C\u00e9l\u00e9, 10 minutes from Figeac.<\/p>\n\n\n\n<p class=\"has-text-color has-link-color has-outreque-light-font-family wp-elements-371093f014d479c94dfed530d9b7e119\" style=\"color:rgba(98,91,113,1);margin-top:0px;margin-right:0px;margin-bottom:0px;margin-left:0px;font-size:clamp(14px, 0.875rem + ((1vw - 3.2px) * 0.244), 17px);font-style:normal;font-weight:300;line-height:1.9\"><strong>GPS coordinates<\/strong>: 44.6054 \/ 2.0568.<\/p>\n\n\n\n<p class=\"has-text-color has-link-color has-outreque-light-font-family wp-elements-29a9407f91eec881b01abf06bd57f431\" style=\"color:rgba(98,91,113,1);margin-top:0px;margin-right:0px;margin-bottom:0px;margin-left:0px;font-size:clamp(14px, 0.875rem + ((1vw - 3.2px) * 0.244), 17px);font-style:normal;font-weight:300;line-height:1.9\">From the A20, take the Cahors Nord exit, then follow signs for Figeac.<\/p>\n\n\n\n<p class=\"has-text-color has-link-color has-outreque-light-font-family wp-elements-0fa93839643bf253c1cbeb456802ddf3\" style=\"color:rgba(98,91,113,1);margin-top:0px;margin-right:0px;margin-bottom:0px;margin-left:0px;font-size:clamp(14px, 0.875rem + ((1vw - 3.2px) * 0.244), 17px);font-style:normal;font-weight:300;line-height:1.9\">The nearest station is Figeac, served by the Brive-Rodez line.<\/p>\n\n\n\n<p class=\"has-text-color has-link-color has-outreque-light-font-family wp-elements-943c657b350c27f5dde82c59e7c6adc9\" style=\"color:rgba(98,91,113,1);margin-top:0px;margin-right:0px;margin-bottom:0px;margin-left:0px;font-size:clamp(14px, 0.875rem + ((1vw - 3.2px) * 0.244), 17px);font-style:normal;font-weight:300;line-height:1.9\">By bike, the campsite is directly accessible via the Vall\u00e9e du C\u00e9l\u00e9 cycle route.<\/p>\n\n\t<\/div>\n<\/details>\n\n\n<details class=\"gt-fse-faq wp-block-gt-gt-fse-faq\" data-wp-interactive=\"gt-fse-faq\" data-wp-context='{ \"isOpen\": false }'>\n\t<summary aria-expanded=\"false\" class=\"gt-fse-faq-summary\" data-wp-on--click=\"actions.toggle\" data-wp-bind--aria-expanded=\"context.isOpen\">\n\t\t<div class=\"gt-fse-faq-summary-text\"><strong><strong><strong>How to get to Le Clos Savoye campsite in Seine-Maritime<\/strong><\/strong><\/strong><\/div>\n\t\t<span class=\"gt-fse-faq-opener\"><\/span>\n\t<\/summary>\n\t<div class=\"gt-fse-faq-content\">\n\t\t\n\n<p class=\"has-text-color has-link-color has-outreque-light-font-family wp-elements-8b21adb1cec009c83d25c27751867205\" style=\"color:rgba(98,91,113,1);margin-top:0px;margin-right:0px;margin-bottom:0px;margin-left:0px;font-size:clamp(14px, 0.875rem + ((1vw - 3.2px) * 0.244), 17px);font-style:normal;font-weight:300;line-height:1.9\">The campsite is located in the commune of Biville-sur-Mer, 15 km from Dieppe.  <\/p>\n\n\n\n<p class=\"has-text-color has-link-color has-outreque-light-font-family wp-elements-752cfeec72b4ea5a6d4f15bb6c3aa30d\" style=\"color:rgba(98,91,113,1);margin-top:0px;margin-right:0px;margin-bottom:0px;margin-left:0px;font-size:clamp(14px, 0.875rem + ((1vw - 3.2px) * 0.244), 17px);font-style:normal;font-weight:300;line-height:1.9\"><strong>GPS coordinates<\/strong>: 49.9553 \/ 1.2322.<\/p>\n\n\n\n<p class=\"has-text-color has-link-color has-outreque-light-font-family wp-elements-0ab296aca77be90530602070d8c40b49\" style=\"color:rgba(98,91,113,1);margin-top:0px;margin-right:0px;margin-bottom:0px;margin-left:0px;font-size:clamp(14px, 0.875rem + ((1vw - 3.2px) * 0.244), 17px);font-style:normal;font-weight:300;line-height:1.9\">From the A28, take the Dieppe exit, then follow the D925 towards Le Tr\u00e9port.<\/p>\n\n\n\n<p class=\"has-text-color has-link-color has-outreque-light-font-family wp-elements-55991b05c9457b64f9b0aee3f7586d71\" style=\"color:rgba(98,91,113,1);margin-top:0px;margin-right:0px;margin-bottom:0px;margin-left:0px;font-size:clamp(14px, 0.875rem + ((1vw - 3.2px) * 0.244), 17px);font-style:normal;font-weight:300;line-height:1.9\">The nearest station is Dieppe, with connections to Rouen and Paris.<\/p>\n\n\t<\/div>\n<\/details><\/div>\n<\/div>\n<\/div>\n<\/section>\n\n<section class=\"wp-block-group page-maillage has-global-padding is-layout-constrained wp-block-group-is-layout-constrained\" style=\"margin-top:var(--wp--preset--spacing--40);padding-bottom:10rem\">\n<p class=\"has-text-align-left title-maillage-block has-custom-color-1-color has-text-color has-link-color has-minison-font-family wp-elements-942ce34903a67f47e04bf84cbe3cd5a6\" style=\"font-size:clamp(26.465px, 1.654rem + ((1vw - 3.2px) * 1.507), 45px);\">Relaxation, games and activities: it&#8217;s all here!<\/p>\n\n\n\n<div data-wp-context=\"{}\" data-wp-interactive=\"core\/query\" data-wp-key=\"0\" data-wp-router-region=\"query-0\" class=\"wp-block-query alignwide gt-fse-maillage-query is-layout-flow wp-block-query-is-layout-flow\"><ul class=\"columns-3 wp-block-post-template is-layout-grid wp-container-core-post-template-is-layout-6d3fbd8f wp-block-post-template-is-layout-grid\"><li data-wp-key=\"post-template-item-1491\" class=\"wp-block-post post-1491 page type-page status-publish has-post-thumbnail hentry\">\n<figure class=\"wp-block-post-featured-image\"><img decoding=\"async\" width=\"2000\" height=\"1400\" src=\"https:\/\/family-camp.fr\/wp-content\/uploads\/2025\/09\/1_resultat-12.webp\" class=\"attachment-full size-full wp-post-image\" alt=\"1_resultat\" style=\"object-fit:cover;\" srcset=\"https:\/\/family-camp.fr\/wp-content\/uploads\/2025\/09\/1_resultat-12.webp 2000w, https:\/\/family-camp.fr\/wp-content\/uploads\/2025\/09\/1_resultat-12-300x210.webp 300w, https:\/\/family-camp.fr\/wp-content\/uploads\/2025\/09\/1_resultat-12-1024x717.webp 1024w, https:\/\/family-camp.fr\/wp-content\/uploads\/2025\/09\/1_resultat-12-768x538.webp 768w, https:\/\/family-camp.fr\/wp-content\/uploads\/2025\/09\/1_resultat-12-1536x1075.webp 1536w\" sizes=\"(max-width: 2000px) 100vw, 2000px\" \/><\/figure>\n\n<p class=\"has-text-align-center has-custom-color-1-color has-text-color has-link-color has-minison-font-family has-large-font-size wp-elements-0f2f808560b7ba6d35944e6d7c0d92b2\">Our campsites<\/p>\n\n<a class=\"is-style-lien-cover wp-block-read-more\" href=\"https:\/\/family-camp.fr\/en\/family-campsite-seine-maritime-herault-lot\/\" target=\"_self\">Read more<span class=\"screen-reader-text\">: Our campsites<\/span><\/a>\n<\/li><li data-wp-key=\"post-template-item-1514\" class=\"wp-block-post post-1514 page type-page status-publish has-post-thumbnail hentry\">\n<figure class=\"wp-block-post-featured-image\"><img decoding=\"async\" width=\"2000\" height=\"1400\" src=\"https:\/\/family-camp.fr\/wp-content\/uploads\/2025\/09\/1_resultat-5.webp\" class=\"attachment-full size-full wp-post-image\" alt=\"1_resultat\" style=\"object-fit:cover;\" srcset=\"https:\/\/family-camp.fr\/wp-content\/uploads\/2025\/09\/1_resultat-5.webp 2000w, https:\/\/family-camp.fr\/wp-content\/uploads\/2025\/09\/1_resultat-5-300x210.webp 300w, https:\/\/family-camp.fr\/wp-content\/uploads\/2025\/09\/1_resultat-5-1024x717.webp 1024w, https:\/\/family-camp.fr\/wp-content\/uploads\/2025\/09\/1_resultat-5-768x538.webp 768w, https:\/\/family-camp.fr\/wp-content\/uploads\/2025\/09\/1_resultat-5-1536x1075.webp 1536w\" sizes=\"(max-width: 2000px) 100vw, 2000px\" \/><\/figure>\n\n<p class=\"has-text-align-center has-custom-color-1-color has-text-color has-link-color has-minison-font-family has-large-font-size wp-elements-0f2f808560b7ba6d35944e6d7c0d92b2\">Water Spaces<\/p>\n\n<a class=\"is-style-lien-cover wp-block-read-more\" href=\"https:\/\/family-camp.fr\/en\/aquatic-areas-campsite-seine-maritime-lot\/\" target=\"_self\">Read more<span class=\"screen-reader-text\">: Aquatic areas<\/span><\/a>\n<\/li><li data-wp-key=\"post-template-item-1522\" class=\"wp-block-post post-1522 page type-page status-publish has-post-thumbnail hentry\">\n<figure class=\"wp-block-post-featured-image\"><img decoding=\"async\" width=\"2000\" height=\"1400\" src=\"https:\/\/family-camp.fr\/wp-content\/uploads\/2025\/09\/1_resultat-7.webp\" class=\"attachment-full size-full wp-post-image\" alt=\"1_resultat\" style=\"object-fit:cover;\" srcset=\"https:\/\/family-camp.fr\/wp-content\/uploads\/2025\/09\/1_resultat-7.webp 2000w, https:\/\/family-camp.fr\/wp-content\/uploads\/2025\/09\/1_resultat-7-300x210.webp 300w, https:\/\/family-camp.fr\/wp-content\/uploads\/2025\/09\/1_resultat-7-1024x717.webp 1024w, https:\/\/family-camp.fr\/wp-content\/uploads\/2025\/09\/1_resultat-7-768x538.webp 768w, https:\/\/family-camp.fr\/wp-content\/uploads\/2025\/09\/1_resultat-7-1536x1075.webp 1536w\" sizes=\"(max-width: 2000px) 100vw, 2000px\" \/><\/figure>\n\n<p class=\"has-text-align-center has-custom-color-1-color has-text-color has-link-color has-minison-font-family has-large-font-size wp-elements-0f2f808560b7ba6d35944e6d7c0d92b2\">The animations<\/p>\n\n<a class=\"is-style-lien-cover wp-block-read-more\" href=\"https:\/\/family-camp.fr\/en\/campsites-animations-seine-maritime-herault-lot\/\" target=\"_self\">Read more<span class=\"screen-reader-text\">: The animations<\/span><\/a>\n<\/li><\/ul><\/div>\n<\/section>\n","protected":false},"excerpt":{"rendered":"<p>Contact and access to our campsites Would you like to book a stay, ask our teams a question or organize your arrival? Here you&#8217;ll find all the contact details for FamilyCamp campsites in H\u00e9rault, Lot and Seine-Maritime, as well as practical information for easy access to your vacation destination: GPS coordinates, bike access, road and [&hellip;]<\/p>\n","protected":false},"author":1,"featured_media":978,"parent":0,"menu_order":0,"comment_status":"closed","ping_status":"closed","template":"","meta":{"_acf_changed":false,"_seopress_robots_primary_cat":"","_seopress_titles_title":"Contact, access to campsites in H\u00e9rault, Lot and Seine-Maritime","_seopress_titles_desc":"Discover our FamilyCamp campsites in H\u00e9rault, Lot and Seine-Maritime with easy access by road, rail or bike. Contact us if you have any questions! ","_seopress_robots_index":"","_gt_ctv_global_id":"","_gt_ctv_id_group":false,"inline_featured_image":false,"gt_fse_maillage_image":"https:\/\/family-camp.fr\/wp-content\/uploads\/2025\/09\/1_resultat-1.webp","gt_fse_maillage_titre":"Contact and access","gt_fse_maillage_alt":"Contact family camp","gt_fse_maillage_resume":"","footnotes":""},"categories":[],"tags":[],"class_list":["post-1527","page","type-page","status-publish","has-post-thumbnail","hentry"],"acf":[],"_links":{"self":[{"href":"https:\/\/family-camp.fr\/en\/wp-json\/wp\/v2\/pages\/1527","targetHints":{"allow":["GET"]}}],"collection":[{"href":"https:\/\/family-camp.fr\/en\/wp-json\/wp\/v2\/pages"}],"about":[{"href":"https:\/\/family-camp.fr\/en\/wp-json\/wp\/v2\/types\/page"}],"author":[{"embeddable":true,"href":"https:\/\/family-camp.fr\/en\/wp-json\/wp\/v2\/users\/1"}],"replies":[{"embeddable":true,"href":"https:\/\/family-camp.fr\/en\/wp-json\/wp\/v2\/comments?post=1527"}],"version-history":[{"count":3,"href":"https:\/\/family-camp.fr\/en\/wp-json\/wp\/v2\/pages\/1527\/revisions"}],"predecessor-version":[{"id":1551,"href":"https:\/\/family-camp.fr\/en\/wp-json\/wp\/v2\/pages\/1527\/revisions\/1551"}],"wp:featuredmedia":[{"embeddable":true,"href":"https:\/\/family-camp.fr\/en\/wp-json\/wp\/v2\/media\/978"}],"wp:attachment":[{"href":"https:\/\/family-camp.fr\/en\/wp-json\/wp\/v2\/media?parent=1527"}],"wp:term":[{"taxonomy":"category","embeddable":true,"href":"https:\/\/family-camp.fr\/en\/wp-json\/wp\/v2\/categories?post=1527"},{"taxonomy":"post_tag","embeddable":true,"href":"https:\/\/family-camp.fr\/en\/wp-json\/wp\/v2\/tags?post=1527"}],"curies":[{"name":"wp","href":"https:\/\/api.w.org\/{rel}","templated":true}]}}