{"id":1522,"date":"2025-07-04T09:08:30","date_gmt":"2025-07-04T07:08:30","guid":{"rendered":"https:\/\/family-camp.fr\/campings-animations-seine-maritime-herault-lot\/"},"modified":"2025-10-06T10:49:06","modified_gmt":"2025-10-06T08:49:06","slug":"campsites-animations-seine-maritime-herault-lot","status":"publish","type":"page","link":"https:\/\/family-camp.fr\/en\/campsites-animations-seine-maritime-herault-lot\/","title":{"rendered":"The animations"},"content":{"rendered":"\n<section class=\"wp-block-group alignfull home-intro page-intro has-background has-global-padding is-layout-constrained wp-container-core-group-is-layout-e4b4af6a wp-block-group-is-layout-constrained\" style=\"border-top-left-radius:50px;border-top-right-radius:50px;border-bottom-left-radius:0px;border-bottom-right-radius:0px;margin-top:0px;margin-right:0px;margin-bottom:0px;margin-left:0px;padding-top:var(--wp--preset--spacing--20);padding-right:0px;padding-bottom:var(--wp--preset--spacing--50);padding-left:0px\">\n<div class=\"wp-block-columns alignwide is-layout-flex wp-container-core-columns-is-layout-df002bbd wp-block-columns-is-layout-flex\" style=\"border-radius:0px;margin-top:var(--wp--preset--spacing--50);margin-bottom:0px;padding-top:0px;padding-right:0px;padding-bottom:0px;padding-left:0px\">\n<div class=\"wp-block-column is-vertically-aligned-start is-layout-flow wp-block-column-is-layout-flow\" style=\"flex-basis:50%\">\n<div class=\"wp-block-group has-global-padding is-content-justification-left is-layout-constrained wp-container-core-group-is-layout-197b12c0 wp-block-group-is-layout-constrained\" style=\"margin-top:0px;margin-right:0px;margin-bottom:0px;margin-left:0px\">\n<h1 class=\"wp-block-heading has-text-align-left has-minison-font-family has-text-color\" style=\"margin-top:0px;margin-right:0px;margin-bottom:0px;margin-left:0px;font-size:clamp(39.623px, 2.476rem + ((1vw - 3.2px) * 2.811), 74.2px);font-style:normal;font-weight:400;line-height:1.0\">Campsites with entertainment in Seine-Maritime, H\u00e9rault and Lot<\/h1>\n<\/div>\n<\/div>\n\n\n\n<div class=\"wp-block-column is-vertically-aligned-center is-layout-flow wp-block-column-is-layout-flow\" style=\"flex-basis:50%\">\n<div class=\"wp-block-group is-horizontal is-content-justification-center is-nowrap is-layout-flex wp-container-core-group-is-layout-f8ff1399 wp-block-group-is-layout-flex\" style=\"border-radius:0px;margin-top:0px;margin-right:0px;margin-bottom:0px;margin-left:0px;padding-top:0px;padding-right:0px;padding-bottom:0px;padding-left:0px\">\n<div class=\"wp-block-group group-paragraph has-global-padding is-content-justification-left is-layout-constrained wp-container-core-group-is-layout-6a9def6a wp-block-group-is-layout-constrained\" style=\"margin-top:0px;margin-right:0px;margin-bottom:0px;margin-left:0px\">\n<p class=\"has-text-align-left has-text-color has-outreque-light-font-family\" style=\"margin-top:0px;margin-right:0px;margin-bottom:0px;margin-left:0px;font-size:clamp(14px, 0.875rem + ((1vw - 3.2px) * 0.244), 17px);font-style:normal;font-weight:300;line-height:1.9\">D\u00e9couvrez les diverses <strong>activit\u00e9s et animations<\/strong> disponibles au sein de <a href=\"https:\/\/family-camp.fr\/\" data-type=\"page\" data-id=\"8\">nos campings FamilyCamp en Seine-Maritime, dans l\u2019H\u00e9rault et dans le Lot<\/a> !<\/p>\n\n\n\n<p class=\"has-text-align-left has-text-color has-outreque-light-font-family\" style=\"margin-top:0px;margin-right:0px;margin-bottom:0px;margin-left:0px;font-size:clamp(14px, 0.875rem + ((1vw - 3.2px) * 0.244), 17px);font-style:normal;font-weight:300;line-height:1.9\">A <strong>wide range of<\/strong> entertainment and activities designed to suit <strong>all travelers<\/strong>, from the youngest to the oldest children, from activity-lovers to hard-core party-goers.<br \/><\/p>\n<\/div>\n<\/div>\n<\/div>\n<\/div>\n<\/section>\n\n<section class=\"wp-block-group alignfull section-riviere has-background is-layout-flow wp-container-core-group-is-layout-b27904b2 wp-block-group-is-layout-flow\" style=\"border-top-left-radius:0px;border-top-right-radius:0px;border-bottom-left-radius:0px;border-bottom-right-radius:0px;margin-top:0px;margin-right:0px;margin-bottom:0px;margin-left:0px;padding-top:0px;padding-right:0px;padding-bottom:6px;padding-left:0px\">\n<div data-swiper=\"{&quot;speed&quot;:1000,&quot;autoplay&quot;:{&quot;delay&quot;:5000,&quot;disableOnInteraction&quot;:false},&quot;spaceBetween&quot;:0,&quot;slidesPerView&quot;:1,&quot;pagination&quot;:{&quot;el&quot;:&quot;.swiper-pagination&quot;,&quot;dynamicBullets&quot;:true,&quot;clickable&quot;:true,&quot;type&quot;:&quot;bullets&quot;},&quot;navigation&quot;:{&quot;nextEl&quot;:&quot;.swiper-button-next&quot;,&quot;prevEl&quot;:&quot;.swiper-button-prev&quot;},&quot;breakpoints&quot;:[{&quot;slidesPerView&quot;:1}]}\" class=\"wp-block-cover alignfull has-custom-content-position is-position-bottom-center blob-image\" style=\"border-top-left-radius:50px;border-top-right-radius:50px;min-height:110vh;aspect-ratio:unset;\"><img decoding=\"async\" width=\"2000\" height=\"1400\" class=\"wp-block-cover__image-background wp-image-1025 size-full\" alt=\"2_resultat\" src=\"https:\/\/family-camp.fr\/wp-content\/uploads\/2025\/09\/2_resultat-6.webp\" data-object-fit=\"cover\" srcset=\"https:\/\/family-camp.fr\/wp-content\/uploads\/2025\/09\/2_resultat-6.webp 2000w, https:\/\/family-camp.fr\/wp-content\/uploads\/2025\/09\/2_resultat-6-300x210.webp 300w, https:\/\/family-camp.fr\/wp-content\/uploads\/2025\/09\/2_resultat-6-1024x717.webp 1024w, https:\/\/family-camp.fr\/wp-content\/uploads\/2025\/09\/2_resultat-6-768x538.webp 768w, https:\/\/family-camp.fr\/wp-content\/uploads\/2025\/09\/2_resultat-6-1536x1075.webp 1536w\" sizes=\"(max-width: 2000px) 100vw, 2000px\" \/><span aria-hidden=\"true\" class=\"wp-block-cover__background has-background-dim wp-block-cover__gradient-background has-background-gradient\" style=\"background:linear-gradient(88deg,rgba(255,255,255,0) 0%,rgba(0,0,0,0.93) 49%)\"><\/span><div class=\"wp-block-cover__inner-container is-layout-flow wp-block-cover-is-layout-flow\">\n<div class=\"wp-block-columns alignwide is-layout-flex wp-container-core-columns-is-layout-1177095f wp-block-columns-is-layout-flex\" style=\"border-radius:0px;margin-top:0px;margin-right:0px;margin-bottom:0px;margin-left:0px;padding-top:0px;padding-right:0px;padding-bottom:var(--wp--preset--spacing--60);padding-left:0px\">\n<div class=\"wp-block-column is-vertically-aligned-end is-layout-flow wp-block-column-is-layout-flow\" style=\"flex-basis:50%\"><\/div>\n\n\n\n<div class=\"wp-block-column is-vertically-aligned-center is-layout-flow wp-block-column-is-layout-flow\" style=\"padding-right:var(--wp--preset--spacing--50);flex-basis:50%\">\n<div class=\"wp-block-group is-layout-flow wp-block-group-is-layout-flow\" style=\"margin-top:0px;margin-right:0px;margin-bottom:0px;margin-left:0px\">\n<h2 class=\"wp-block-heading has-text-align-left text-nowrap has-outreque-black-font-family has-text-color\" style=\"margin-top:0px;margin-right:0px;margin-bottom:0px;margin-left:0px;padding-bottom:var(--wp--preset--spacing--20);font-size:clamp(19.481px, 1.218rem + ((1vw - 3.2px) * 0.937), 31px);font-style:normal;font-weight:900;line-height:1.1;text-transform:none\">Playgrounds for your children at all our campsites<\/h2>\n<\/div>\n\n\n\n<div class=\"wp-block-group is-layout-flow wp-block-group-is-layout-flow\" style=\"margin-top:0px;margin-right:0px;margin-bottom:0px;margin-left:0px\">\n<p class=\"has-text-align-left full-width has-text-color has-outreque-medium-font-family\" style=\"margin-top:0px;margin-right:0px;margin-bottom:0px;margin-left:0px;font-size:clamp(14px, 0.875rem + ((1vw - 3.2px) * 0.244), 17px);line-height:1.9\">Nos campings avec animations pr\u00e8s de Figeac, B\u00e9ziers et Dieppe (Les Berges du C\u00e9l\u00e9, La Plage de l\u2019Orb et Le Clos Savoye) offrent \u00e0 vos enfants, en compl\u00e9ment de leurs <a href=\"https:\/\/family-camp.fr\/campings-services-seine-maritime-herault-lot\/\" data-type=\"page\" data-id=\"796\">nombreux services<\/a>, des<strong> aires de jeux<\/strong> o\u00f9 partager des moments de d\u00e9tente et d&#8217;amusement. Ainsi, aux Berges du C\u00e9l\u00e9 dans le Lot, les enfants peuvent profiter d\u2019un ensemble de jeux en plein air \u00e0 <strong>proximit\u00e9 du snack<\/strong> : l\u2019id\u00e9al pour patienter pendant que l\u2019\u00e9quipe pr\u00e9pare votre commande. \u00c0 La Plage de l\u2019Orb dans l\u2019H\u00e9rault, l\u2019aire de jeux 3 \u00e0 12 ans comprend une<strong> structure gonflable<\/strong> : un lieu de rendez-vous pris\u00e9 ! Au Clos Savoye en Seine-Maritime, les jeux pour enfants sont au <strong>c\u0153ur du camping<\/strong>, int\u00e9gr\u00e9s \u00e0 un ensemble d\u2019infrastructures de d\u00e9tente comprenant la piscine, les terrains de p\u00e9tanque et le snack.<\/p>\n<\/div>\n<\/div>\n<\/div>\n<\/div><\/div>\n<\/section>\n\n<section class=\"wp-block-group section-services page-two has-custom-color-5-background-color has-background is-layout-flow wp-block-group-is-layout-flow\" style=\"border-top-left-radius:50px;border-top-right-radius:50px;padding-top:var(--wp--preset--spacing--50);padding-bottom:var(--wp--preset--spacing--60)\">\n<div class=\"wp-block-columns alignwide is-layout-flex wp-container-core-columns-is-layout-beebde9b wp-block-columns-is-layout-flex\" style=\"border-radius:0px;margin-top:0px;margin-right:0px;margin-bottom:0px;margin-left:0px;padding-top:0px;padding-right:0px;padding-bottom:0px;padding-left:0px\">\n<div class=\"wp-block-column is-vertically-aligned-center left is-layout-flow wp-block-column-is-layout-flow\" style=\"flex-basis:50%\">\n<div data-swiper=\"{&quot;speed&quot;:1000,&quot;autoplay&quot;:{&quot;delay&quot;:5000,&quot;disableOnInteraction&quot;:false},&quot;spaceBetween&quot;:0,&quot;slidesPerView&quot;:1,&quot;pagination&quot;:{&quot;el&quot;:&quot;.swiper-pagination&quot;,&quot;dynamicBullets&quot;:true,&quot;clickable&quot;:true,&quot;type&quot;:&quot;bullets&quot;},&quot;navigation&quot;:{&quot;nextEl&quot;:&quot;.swiper-button-next&quot;,&quot;prevEl&quot;:&quot;.swiper-button-prev&quot;},&quot;breakpoints&quot;:[{&quot;slidesPerView&quot;:1}]}\" class=\"wp-block-cover alignwide is-light has-custom-content-position is-position-top-center blob-image\" style=\"border-top-right-radius:25px;border-bottom-right-radius:25px;min-height:750px;aspect-ratio:unset;\"><img decoding=\"async\" width=\"2000\" height=\"1400\" class=\"wp-block-cover__image-background wp-image-1027 size-full\" alt=\"enfants en bord de rivi\u00e8re, baignade et jeux\" src=\"https:\/\/family-camp.fr\/wp-content\/uploads\/2025\/09\/3_resultat-5.webp\" data-object-fit=\"cover\" srcset=\"https:\/\/family-camp.fr\/wp-content\/uploads\/2025\/09\/3_resultat-5.webp 2000w, https:\/\/family-camp.fr\/wp-content\/uploads\/2025\/09\/3_resultat-5-300x210.webp 300w, https:\/\/family-camp.fr\/wp-content\/uploads\/2025\/09\/3_resultat-5-1024x717.webp 1024w, https:\/\/family-camp.fr\/wp-content\/uploads\/2025\/09\/3_resultat-5-768x538.webp 768w, https:\/\/family-camp.fr\/wp-content\/uploads\/2025\/09\/3_resultat-5-1536x1075.webp 1536w\" sizes=\"(max-width: 2000px) 100vw, 2000px\" \/><span aria-hidden=\"true\" class=\"wp-block-cover__background has-background-dim-0 has-background-dim\" style=\"background-color:#7e97ad\"><\/span><div class=\"wp-block-cover__inner-container is-layout-flow wp-block-cover-is-layout-flow\">\n<p class=\"has-text-align-center has-large-font-size\"><\/p>\n<\/div><\/div>\n<\/div>\n\n\n\n<div class=\"wp-block-column is-vertically-aligned-center is-layout-flow wp-block-column-is-layout-flow\" style=\"padding-right:var(--wp--preset--spacing--60);padding-left:var(--wp--preset--spacing--50);flex-basis:50%\">\n<div class=\"wp-block-group is-layout-flow wp-block-group-is-layout-flow\" style=\"margin-top:0px;margin-right:0px;margin-bottom:0px;margin-left:0px\">\n<h2 class=\"wp-block-heading has-text-align-left has-minison-font-family has-text-color\" style=\"margin-top:0px;margin-right:0px;margin-bottom:40px;margin-left:0px;font-size:clamp(34.624px, 2.164rem + ((1vw - 3.2px) * 2.283), 62.7px);font-style:normal;font-weight:400;line-height:1.1\">Riverside activities and leisure<\/h2>\n<\/div>\n\n\n\n<div class=\"wp-block-group group-paragraph is-layout-flow wp-block-group-is-layout-flow\" style=\"margin-top:0px;margin-right:0px;margin-bottom:0px;margin-left:0px\">\n<p class=\"has-text-align-left full-width has-text-color has-outreque-light-font-family\" style=\"margin-top:0px;margin-right:0px;margin-bottom:0px;margin-left:0px;font-size:clamp(14px, 0.875rem + ((1vw - 3.2px) * 0.163), 16px);font-style:normal;font-weight:300;line-height:1.9\">On <strong>the banks of both the Orb and C\u00e9l\u00e9<\/strong> rivers, our campsites in the H\u00e9rault and Lot regions offer the ideal setting for <strong>active vacations in the heart of nature<\/strong>. With direct access to the river, you can enjoy <strong>swimming<\/strong>, <strong>fishing<\/strong> or <strong>canoeing<\/strong>. The Orb and C\u00e9l\u00e9 rivers are veritable natural playgrounds, inviting you to take part in a wide range of activities, from the most zen-like to the sportiest!  <\/p>\n\n\n\n<p class=\"has-text-align-left full-width has-text-color has-outreque-light-font-family\" style=\"margin-top:0px;margin-right:0px;margin-bottom:0px;margin-left:0px;font-size:clamp(14px, 0.875rem + ((1vw - 3.2px) * 0.163), 16px);font-style:normal;font-weight:300;line-height:1.9\">Vary the pleasures: improvise a picnic on the banks, let yourself be carried along on buoys, or take part in an introductory freshwater fishing workshop!<\/p>\n<\/div>\n<\/div>\n<\/div>\n<\/section>\n\n<section class=\"wp-block-group section-services page-two reverse has-custom-color-6-background-color has-background is-layout-flow wp-block-group-is-layout-flow\" style=\"border-top-left-radius:50px;border-top-right-radius:50px;padding-top:var(--wp--preset--spacing--50);padding-bottom:var(--wp--preset--spacing--60)\">\n<div class=\"wp-block-columns alignwide is-layout-flex wp-container-core-columns-is-layout-beebde9b wp-block-columns-is-layout-flex\" style=\"border-radius:0px;margin-top:0px;margin-right:0px;margin-bottom:0px;margin-left:0px;padding-top:0px;padding-right:0px;padding-bottom:0px;padding-left:0px\">\n<div class=\"wp-block-column is-vertically-aligned-center is-layout-flow wp-block-column-is-layout-flow\" style=\"padding-right:var(--wp--preset--spacing--60);padding-left:var(--wp--preset--spacing--50);flex-basis:50%\">\n<div class=\"wp-block-group is-layout-flow wp-block-group-is-layout-flow\" style=\"margin-top:0px;margin-right:0px;margin-bottom:0px;margin-left:0px\">\n<h2 class=\"wp-block-heading has-text-align-left has-minison-font-family has-custom-color-1-color has-text-color\" style=\"margin-top:0px;margin-right:0px;margin-bottom:40px;margin-left:0px;font-size:clamp(34.624px, 2.164rem + ((1vw - 3.2px) * 2.283), 62.7px);font-style:normal;font-weight:400;line-height:1.1\">Evening entertainment at campsites near B\u00e9ziers and Dieppe<\/h2>\n<\/div>\n\n\n\n<div class=\"wp-block-group group-paragraph is-layout-flow wp-block-group-is-layout-flow\" style=\"margin-top:0px;margin-right:0px;margin-bottom:0px;margin-left:0px\">\n<p class=\"has-text-align-left full-width has-text-color has-outreque-light-font-family\" style=\"color:#625b71;margin-top:0px;margin-right:0px;margin-bottom:0px;margin-left:0px;font-size:clamp(14px, 0.875rem + ((1vw - 3.2px) * 0.163), 16px);font-style:normal;font-weight:300;line-height:1.9\">Summer evenings at La Plage de l&#8217;Orb campsite in the H\u00e9rault region of France are all about conviviality and sharing. Every week, <strong>dance evenings<\/strong> bring holidaymakers of all ages together on the dance floor, in a festive and relaxed atmosphere. <strong>Barbecue evenings<\/strong> are another vacation highlight, providing an opportunity to enjoy an open-air meal in good spirits with other campers.  <\/p>\n\n\n\n<p class=\"has-text-align-left full-width has-text-color has-outreque-light-font-family\" style=\"color:#625b71;margin-top:0px;margin-right:0px;margin-bottom:0px;margin-left:0px;font-size:clamp(14px, 0.875rem + ((1vw - 3.2px) * 0.163), 16px);font-style:normal;font-weight:300;line-height:1.9\">Further north, in the Seine-Maritime region, your Le Clos Savoye campsite near Dieppe also offers <strong>lively evening entertainment<\/strong>, from <strong>shows<\/strong> to live <strong>concerts<\/strong>. From <strong>quizzes<\/strong> and <strong>karaoke<\/strong> to <strong>guinguette evenings<\/strong>, our high-season entertainment is sure to leave you with unforgettable memories. Whether you&#8217;re a family, a couple or a group of friends, these evening events near B\u00e9ziers and Dieppe are just the extra touch you need to make your vacation a truly relaxing one!  <\/p>\n<\/div>\n<\/div>\n\n\n\n<div class=\"wp-block-column is-vertically-aligned-center left is-layout-flow wp-block-column-is-layout-flow\" style=\"flex-basis:50%\">\n<div data-swiper=\"{&quot;speed&quot;:1000,&quot;autoplay&quot;:{&quot;delay&quot;:5000,&quot;disableOnInteraction&quot;:false},&quot;spaceBetween&quot;:0,&quot;slidesPerView&quot;:1,&quot;pagination&quot;:{&quot;el&quot;:&quot;.swiper-pagination&quot;,&quot;dynamicBullets&quot;:true,&quot;clickable&quot;:true,&quot;type&quot;:&quot;bullets&quot;},&quot;navigation&quot;:{&quot;nextEl&quot;:&quot;.swiper-button-next&quot;,&quot;prevEl&quot;:&quot;.swiper-button-prev&quot;},&quot;breakpoints&quot;:[{&quot;slidesPerView&quot;:1}]}\" class=\"wp-block-cover alignwide has-custom-content-position is-position-top-center blob-image\" style=\"border-top-left-radius:50px;border-top-right-radius:0px;border-bottom-left-radius:50px;border-bottom-right-radius:0px;min-height:750px;aspect-ratio:unset;\"><img decoding=\"async\" width=\"2000\" height=\"1400\" class=\"wp-block-cover__image-background wp-image-1031 size-full\" alt=\"concert\" src=\"https:\/\/family-camp.fr\/wp-content\/uploads\/2025\/09\/4-13_resultat.webp\" data-object-fit=\"cover\" srcset=\"https:\/\/family-camp.fr\/wp-content\/uploads\/2025\/09\/4-13_resultat.webp 2000w, https:\/\/family-camp.fr\/wp-content\/uploads\/2025\/09\/4-13_resultat-300x210.webp 300w, https:\/\/family-camp.fr\/wp-content\/uploads\/2025\/09\/4-13_resultat-1024x717.webp 1024w, https:\/\/family-camp.fr\/wp-content\/uploads\/2025\/09\/4-13_resultat-768x538.webp 768w, https:\/\/family-camp.fr\/wp-content\/uploads\/2025\/09\/4-13_resultat-1536x1075.webp 1536w\" sizes=\"(max-width: 2000px) 100vw, 2000px\" \/><span aria-hidden=\"true\" class=\"wp-block-cover__background has-background-dim-0 has-background-dim\"><\/span><div class=\"wp-block-cover__inner-container is-layout-flow wp-block-cover-is-layout-flow\">\n<p class=\"has-text-align-center has-large-font-size\"><\/p>\n<\/div><\/div>\n<\/div>\n<\/div>\n<\/section>\n\n<section class=\"wp-block-group page-maillage has-global-padding is-layout-constrained wp-block-group-is-layout-constrained\" style=\"padding-bottom:10rem\">\n<p class=\"title-maillage-block has-custom-color-1-color has-text-color has-link-color has-minison-font-family wp-elements-557d9f19bdaa627f7f7c1134e4026ed5\" style=\"font-size:clamp(26.465px, 1.654rem + ((1vw - 3.2px) * 1.507), 45px);\">Everything you need for the perfect vacation, right here!<\/p>\n\n\n\n<div data-wp-context=\"{}\" data-wp-interactive=\"core\/query\" data-wp-key=\"0\" data-wp-router-region=\"query-0\" class=\"wp-block-query alignwide gt-fse-maillage-query is-layout-flow wp-block-query-is-layout-flow\"><ul class=\"columns-3 wp-block-post-template is-layout-grid wp-container-core-post-template-is-layout-6d3fbd8f wp-block-post-template-is-layout-grid\"><li data-wp-key=\"post-template-item-1530\" class=\"wp-block-post post-1530 page type-page status-publish has-post-thumbnail hentry\">\n<figure class=\"wp-block-post-featured-image\"><img decoding=\"async\" width=\"2000\" height=\"1400\" src=\"https:\/\/family-camp.fr\/wp-content\/uploads\/2025\/09\/1_resultat-15.webp\" class=\"attachment-full size-full wp-post-image\" alt=\"1_resultat\" style=\"object-fit:cover;\" srcset=\"https:\/\/family-camp.fr\/wp-content\/uploads\/2025\/09\/1_resultat-15.webp 2000w, https:\/\/family-camp.fr\/wp-content\/uploads\/2025\/09\/1_resultat-15-300x210.webp 300w, https:\/\/family-camp.fr\/wp-content\/uploads\/2025\/09\/1_resultat-15-1024x717.webp 1024w, https:\/\/family-camp.fr\/wp-content\/uploads\/2025\/09\/1_resultat-15-768x538.webp 768w, https:\/\/family-camp.fr\/wp-content\/uploads\/2025\/09\/1_resultat-15-1536x1075.webp 1536w\" sizes=\"(max-width: 2000px) 100vw, 2000px\" \/><\/figure>\n\n<p class=\"has-text-align-center has-custom-color-1-color has-text-color has-link-color has-minison-font-family has-large-font-size wp-elements-0f2f808560b7ba6d35944e6d7c0d92b2\">Services<\/p>\n\n<a class=\"is-style-lien-cover wp-block-read-more\" href=\"https:\/\/family-camp.fr\/en\/campings-services-seine-maritime-herault-lot\/\" target=\"_self\">Read more<span class=\"screen-reader-text\">: Services<\/span><\/a>\n<\/li><li data-wp-key=\"post-template-item-1491\" class=\"wp-block-post post-1491 page type-page status-publish has-post-thumbnail hentry\">\n<figure class=\"wp-block-post-featured-image\"><img decoding=\"async\" width=\"2000\" height=\"1400\" src=\"https:\/\/family-camp.fr\/wp-content\/uploads\/2025\/09\/1_resultat-12.webp\" class=\"attachment-full size-full wp-post-image\" alt=\"1_resultat\" style=\"object-fit:cover;\" srcset=\"https:\/\/family-camp.fr\/wp-content\/uploads\/2025\/09\/1_resultat-12.webp 2000w, https:\/\/family-camp.fr\/wp-content\/uploads\/2025\/09\/1_resultat-12-300x210.webp 300w, https:\/\/family-camp.fr\/wp-content\/uploads\/2025\/09\/1_resultat-12-1024x717.webp 1024w, https:\/\/family-camp.fr\/wp-content\/uploads\/2025\/09\/1_resultat-12-768x538.webp 768w, https:\/\/family-camp.fr\/wp-content\/uploads\/2025\/09\/1_resultat-12-1536x1075.webp 1536w\" sizes=\"(max-width: 2000px) 100vw, 2000px\" \/><\/figure>\n\n<p class=\"has-text-align-center has-custom-color-1-color has-text-color has-link-color has-minison-font-family has-large-font-size wp-elements-0f2f808560b7ba6d35944e6d7c0d92b2\">Our campsites<\/p>\n\n<a class=\"is-style-lien-cover wp-block-read-more\" href=\"https:\/\/family-camp.fr\/en\/family-campsite-seine-maritime-herault-lot\/\" target=\"_self\">Read more<span class=\"screen-reader-text\">: Our campsites<\/span><\/a>\n<\/li><li data-wp-key=\"post-template-item-1535\" class=\"wp-block-post post-1535 page type-page status-publish has-post-thumbnail hentry\">\n<figure class=\"wp-block-post-featured-image\"><img decoding=\"async\" width=\"2000\" height=\"1400\" src=\"https:\/\/family-camp.fr\/wp-content\/uploads\/2025\/09\/Family-Camp-7_resultat.webp\" class=\"attachment-full size-full wp-post-image\" alt=\"Family Camp (7)_resultat\" style=\"object-fit:cover;\" srcset=\"https:\/\/family-camp.fr\/wp-content\/uploads\/2025\/09\/Family-Camp-7_resultat.webp 2000w, https:\/\/family-camp.fr\/wp-content\/uploads\/2025\/09\/Family-Camp-7_resultat-300x210.webp 300w, https:\/\/family-camp.fr\/wp-content\/uploads\/2025\/09\/Family-Camp-7_resultat-1024x717.webp 1024w, https:\/\/family-camp.fr\/wp-content\/uploads\/2025\/09\/Family-Camp-7_resultat-768x538.webp 768w, https:\/\/family-camp.fr\/wp-content\/uploads\/2025\/09\/Family-Camp-7_resultat-1536x1075.webp 1536w\" sizes=\"(max-width: 2000px) 100vw, 2000px\" \/><\/figure>\n\n<p class=\"has-text-align-center has-custom-color-1-color has-text-color has-link-color has-minison-font-family has-large-font-size wp-elements-0f2f808560b7ba6d35944e6d7c0d92b2\">Rates<\/p>\n\n<a class=\"is-style-lien-cover wp-block-read-more\" href=\"https:\/\/family-camp.fr\/en\/cheap-campsites-seine-maritime-herault-lot\/\" target=\"_self\">Read more<span class=\"screen-reader-text\">: Rates<\/span><\/a>\n<\/li><\/ul><\/div>\n<\/section>\n","protected":false},"excerpt":{"rendered":"<p>Campsites with entertainment in Seine-Maritime, H\u00e9rault and Lot D\u00e9couvrez les diverses activit\u00e9s et animations disponibles au sein de nos campings FamilyCamp en Seine-Maritime, dans l\u2019H\u00e9rault et dans le Lot ! A wide range of entertainment and activities designed to suit all travelers, from the youngest to the oldest children, from activity-lovers to hard-core party-goers. Riverside [&hellip;]<\/p>\n","protected":false},"author":1,"featured_media":1024,"parent":0,"menu_order":0,"comment_status":"closed","ping_status":"closed","template":"","meta":{"_acf_changed":false,"_seopress_robots_primary_cat":"","_seopress_titles_title":"Campsites with entertainment in H\u00e9rault, Lot and Seine-Maritime","_seopress_titles_desc":"Discover our FamilyCamp campsites with children's entertainment and festive evenings near Dieppe, B\u00e9ziers and Figeac. Dive into adventure! ","_seopress_robots_index":"","_gt_ctv_global_id":"16220","_gt_ctv_id_group":false,"inline_featured_image":false,"gt_fse_maillage_image":"https:\/\/family-camp.fr\/wp-content\/uploads\/2025\/07\/lot.webp","gt_fse_maillage_titre":"The animations","gt_fse_maillage_alt":"camping with entertainment","gt_fse_maillage_resume":"","footnotes":""},"categories":[],"tags":[],"class_list":["post-1522","page","type-page","status-publish","has-post-thumbnail","hentry"],"acf":[],"_links":{"self":[{"href":"https:\/\/family-camp.fr\/en\/wp-json\/wp\/v2\/pages\/1522","targetHints":{"allow":["GET"]}}],"collection":[{"href":"https:\/\/family-camp.fr\/en\/wp-json\/wp\/v2\/pages"}],"about":[{"href":"https:\/\/family-camp.fr\/en\/wp-json\/wp\/v2\/types\/page"}],"author":[{"embeddable":true,"href":"https:\/\/family-camp.fr\/en\/wp-json\/wp\/v2\/users\/1"}],"replies":[{"embeddable":true,"href":"https:\/\/family-camp.fr\/en\/wp-json\/wp\/v2\/comments?post=1522"}],"version-history":[{"count":6,"href":"https:\/\/family-camp.fr\/en\/wp-json\/wp\/v2\/pages\/1522\/revisions"}],"predecessor-version":[{"id":1666,"href":"https:\/\/family-camp.fr\/en\/wp-json\/wp\/v2\/pages\/1522\/revisions\/1666"}],"wp:featuredmedia":[{"embeddable":true,"href":"https:\/\/family-camp.fr\/en\/wp-json\/wp\/v2\/media\/1024"}],"wp:attachment":[{"href":"https:\/\/family-camp.fr\/en\/wp-json\/wp\/v2\/media?parent=1522"}],"wp:term":[{"taxonomy":"category","embeddable":true,"href":"https:\/\/family-camp.fr\/en\/wp-json\/wp\/v2\/categories?post=1522"},{"taxonomy":"post_tag","embeddable":true,"href":"https:\/\/family-camp.fr\/en\/wp-json\/wp\/v2\/tags?post=1522"}],"curies":[{"name":"wp","href":"https:\/\/api.w.org\/{rel}","templated":true}]}}