{"id":1519,"date":"2025-07-04T09:08:13","date_gmt":"2025-07-04T07:08:13","guid":{"rendered":"https:\/\/family-camp.fr\/campings-bord-riviere-proche-beziers-proche-figeac\/"},"modified":"2025-09-22T14:41:31","modified_gmt":"2025-09-22T12:41:31","slug":"riverbank-campsite-near-beziers-near-figeac","status":"publish","type":"page","link":"https:\/\/family-camp.fr\/en\/riverbank-campsite-near-beziers-near-figeac\/","title":{"rendered":"River"},"content":{"rendered":"\n<section class=\"wp-block-group alignfull home-intro page-intro has-background has-global-padding is-layout-constrained wp-container-core-group-is-layout-09e6ee9e wp-block-group-is-layout-constrained\" style=\"border-top-left-radius:50px;border-top-right-radius:50px;border-bottom-left-radius:0px;border-bottom-right-radius:0px;background-color:rgba(252,245,239,1);margin-top:0px;margin-right:0px;margin-bottom:0px;margin-left:0px;padding-top:var(--wp--preset--spacing--50);padding-right:0px;padding-bottom:var(--wp--preset--spacing--50);padding-left:0px\">\n<h1 class=\"wp-block-heading has-text-align-center has-minison-font-family has-text-color\" style=\"color:rgba(6,5,94,1);margin-top:0px;margin-right:0px;margin-bottom:0px;margin-left:0px;padding-top:var(--wp--preset--spacing--20);padding-bottom:var(--wp--preset--spacing--20);font-size:clamp(39.623px, 2.476rem + ((1vw - 3.2px) * 2.811), 74.2px);font-style:normal;font-weight:400;line-height:1.0\">Choose one of our two riverside campsites in H\u00e9rault and Lot.<\/h1>\n\n\n\n<p class=\"has-text-align-center has-text-color has-outreque-light-font-family\" style=\"color:rgba(98,91,113,1);margin-top:0px;margin-right:0px;margin-bottom:0px;margin-left:0px;font-size:clamp(14px, 0.875rem + ((1vw - 3.2px) * 0.244), 17px);font-style:normal;font-weight:300;line-height:1.9\">Enjoy a <strong>riverside nature break<\/strong> at two of our <a href=\"https:\/\/family-camp.fr\/en\/\" data-type=\"page\" data-id=\"8\">campsites in H\u00e9rault, Lot and Seine-Maritime<\/a>!<\/p>\n<\/section>\n\n<section class=\"wp-block-group alignfull section-riviere has-background is-layout-flow wp-container-core-group-is-layout-b27904b2 wp-block-group-is-layout-flow\" style=\"border-top-left-radius:0px;border-top-right-radius:0px;border-bottom-left-radius:0px;border-bottom-right-radius:0px;background-color:rgba(252,245,239,1);margin-top:0px;margin-right:0px;margin-bottom:0px;margin-left:0px;padding-top:0px;padding-right:0px;padding-bottom:6px;padding-left:0px\">\n<div data-swiper=\"{&quot;speed&quot;:1000,&quot;autoplay&quot;:{&quot;delay&quot;:5000,&quot;disableOnInteraction&quot;:false},&quot;spaceBetween&quot;:0,&quot;slidesPerView&quot;:1,&quot;pagination&quot;:{&quot;el&quot;:&quot;.swiper-pagination&quot;,&quot;dynamicBullets&quot;:true,&quot;clickable&quot;:true,&quot;type&quot;:&quot;bullets&quot;},&quot;navigation&quot;:{&quot;nextEl&quot;:&quot;.swiper-button-next&quot;,&quot;prevEl&quot;:&quot;.swiper-button-prev&quot;},&quot;breakpoints&quot;:[{&quot;slidesPerView&quot;:1}]}\" class=\"wp-block-cover alignfull has-custom-content-position is-position-bottom-center blob-image\" style=\"border-top-left-radius:50px;border-top-right-radius:50px;min-height:110vh;aspect-ratio:unset;\"><img decoding=\"async\" width=\"2000\" height=\"1400\" class=\"wp-block-cover__image-background wp-image-1087 size-full\" alt=\"bord de rivi\u00e8re\" src=\"https:\/\/family-camp.fr\/wp-content\/uploads\/2025\/09\/2_resultat-11.webp\" data-object-fit=\"cover\" srcset=\"https:\/\/family-camp.fr\/wp-content\/uploads\/2025\/09\/2_resultat-11.webp 2000w, https:\/\/family-camp.fr\/wp-content\/uploads\/2025\/09\/2_resultat-11-300x210.webp 300w, https:\/\/family-camp.fr\/wp-content\/uploads\/2025\/09\/2_resultat-11-1024x717.webp 1024w, https:\/\/family-camp.fr\/wp-content\/uploads\/2025\/09\/2_resultat-11-768x538.webp 768w, https:\/\/family-camp.fr\/wp-content\/uploads\/2025\/09\/2_resultat-11-1536x1075.webp 1536w\" sizes=\"(max-width: 2000px) 100vw, 2000px\" \/><span aria-hidden=\"true\" class=\"wp-block-cover__background has-background-dim-70 has-background-dim wp-block-cover__gradient-background has-background-gradient\" style=\"background:linear-gradient(268deg,rgba(7,146,227,0) 32%,rgba(0,0,0,0.86) 57%)\"><\/span><div class=\"wp-block-cover__inner-container is-layout-flow wp-block-cover-is-layout-flow\">\n<div class=\"wp-block-columns alignwide is-layout-flex wp-container-core-columns-is-layout-1177095f wp-block-columns-is-layout-flex\" style=\"border-radius:0px;margin-top:0px;margin-right:0px;margin-bottom:0px;margin-left:0px;padding-top:0px;padding-right:0px;padding-bottom:var(--wp--preset--spacing--60);padding-left:0px\">\n<div class=\"wp-block-column is-vertically-aligned-center is-layout-flow wp-block-column-is-layout-flow\" style=\"padding-right:0;padding-left:var(--wp--preset--spacing--50);flex-basis:50%\">\n<div class=\"wp-block-group is-layout-flow wp-block-group-is-layout-flow\" style=\"margin-top:0px;margin-right:0px;margin-bottom:0px;margin-left:0px\">\n<h2 class=\"wp-block-heading has-text-align-left text-nowrap has-outreque-black-font-family has-text-color\" style=\"color:rgba(252,245,239,1);margin-top:0px;margin-right:0px;margin-bottom:0px;margin-left:0px;padding-bottom:var(--wp--preset--spacing--20);font-size:clamp(19.481px, 1.218rem + ((1vw - 3.2px) * 0.937), 31px);font-style:normal;font-weight:900;line-height:1.1;text-transform:none\">A campsite near B\u00e9ziers with a private river beach<\/h2>\n<\/div>\n\n\n\n<div class=\"wp-block-group group-paragraph is-layout-flow wp-block-group-is-layout-flow\" style=\"margin-top:0px;margin-right:0px;margin-bottom:0px;margin-left:0px\">\n<p class=\"has-text-align-left full-width has-text-color has-outreque-medium-font-family\" style=\"color:rgba(255,255,255,1);margin-top:0px;margin-right:0px;margin-bottom:0px;margin-left:0px;font-size:clamp(14px, 0.875rem + ((1vw - 3.2px) * 0.244), 17px);line-height:1.9\">In the heart of the H\u00e9rault region, La Plage de l&#8217;Orb campsite welcomes you to the <strong>banks of the Orb<\/strong>, a wild and peaceful coastal river that flows into the Mediterranean.<\/p>\n\n\n\n<p class=\"has-text-align-left full-width has-text-color has-outreque-medium-font-family\" style=\"color:rgba(255,255,255,1);margin-top:0px;margin-right:0px;margin-bottom:0px;margin-left:0px;font-size:clamp(14px, 0.875rem + ((1vw - 3.2px) * 0.244), 17px);line-height:1.9\">Here, there&#8217;s no need for a car or a long walk to cool off: the pretty <strong>pebble beach<\/strong> is <strong>directly accessible from the campsite<\/strong>. It&#8217;s the perfect place for swimming, playing in the water and relaxing in the sun.   <\/p>\n\n\n\n<p class=\"has-text-align-left full-width has-text-color has-outreque-medium-font-family\" style=\"color:rgba(255,255,255,1);margin-top:0px;margin-right:0px;margin-bottom:0px;margin-left:0px;font-size:clamp(14px, 0.875rem + ((1vw - 3.2px) * 0.244), 17px);line-height:1.9\">You can also put your towel down in the shade of a tree for a quiet read or a nap by the water! The Orb river offers <strong>clear water<\/strong> and <strong>natural banks<\/strong>, ideal for relaxing and rejuvenating.  <\/p>\n\n\n\n<p class=\"has-text-align-left full-width has-text-color has-outreque-medium-font-family\" style=\"color:rgba(255,255,255,1);margin-top:0px;margin-right:0px;margin-bottom:0px;margin-left:0px;font-size:clamp(14px, 0.875rem + ((1vw - 3.2px) * 0.244), 17px);line-height:1.9\">A natural spot designed to seduce those who love lazing about, canoeing, fishing or picnicking by the water! Far from the hustle and bustle, discover a true paradise for campers in search of freshness and authenticity near B\u00e9ziers. <\/p>\n<\/div>\n<\/div>\n\n\n\n<div class=\"wp-block-column is-vertically-aligned-end is-layout-flow wp-block-column-is-layout-flow\" style=\"flex-basis:50%\"><\/div>\n<\/div>\n<\/div><\/div>\n<\/section>\n\n<section class=\"wp-block-group section-services page-two has-custom-color-5-background-color has-background is-layout-flow wp-block-group-is-layout-flow\" style=\"border-top-left-radius:50px;border-top-right-radius:50px;padding-top:var(--wp--preset--spacing--50);padding-bottom:var(--wp--preset--spacing--60)\">\n<div class=\"wp-block-columns alignwide is-layout-flex wp-container-core-columns-is-layout-beebde9b wp-block-columns-is-layout-flex\" style=\"border-radius:0px;margin-top:0px;margin-right:0px;margin-bottom:0px;margin-left:0px;padding-top:0px;padding-right:0px;padding-bottom:0px;padding-left:0px\">\n<div class=\"wp-block-column is-vertically-aligned-center left is-layout-flow wp-block-column-is-layout-flow\" style=\"flex-basis:50%\">\n<div data-swiper=\"{&quot;speed&quot;:1000,&quot;autoplay&quot;:{&quot;delay&quot;:5000,&quot;disableOnInteraction&quot;:false},&quot;spaceBetween&quot;:0,&quot;slidesPerView&quot;:1,&quot;pagination&quot;:{&quot;el&quot;:&quot;.swiper-pagination&quot;,&quot;dynamicBullets&quot;:true,&quot;clickable&quot;:true,&quot;type&quot;:&quot;bullets&quot;},&quot;navigation&quot;:{&quot;nextEl&quot;:&quot;.swiper-button-next&quot;,&quot;prevEl&quot;:&quot;.swiper-button-prev&quot;},&quot;breakpoints&quot;:[{&quot;slidesPerView&quot;:1}]}\" class=\"wp-block-cover alignwide has-custom-content-position is-position-top-center blob-image\" style=\"border-top-right-radius:25px;border-bottom-right-radius:25px;min-height:750px;aspect-ratio:unset;\"><img decoding=\"async\" width=\"2000\" height=\"1400\" class=\"wp-block-cover__image-background wp-image-1089 size-full\" alt=\"3_resultat\" src=\"https:\/\/family-camp.fr\/wp-content\/uploads\/2025\/09\/3_resultat-10.webp\" data-object-fit=\"cover\" srcset=\"https:\/\/family-camp.fr\/wp-content\/uploads\/2025\/09\/3_resultat-10.webp 2000w, https:\/\/family-camp.fr\/wp-content\/uploads\/2025\/09\/3_resultat-10-300x210.webp 300w, https:\/\/family-camp.fr\/wp-content\/uploads\/2025\/09\/3_resultat-10-1024x717.webp 1024w, https:\/\/family-camp.fr\/wp-content\/uploads\/2025\/09\/3_resultat-10-768x538.webp 768w, https:\/\/family-camp.fr\/wp-content\/uploads\/2025\/09\/3_resultat-10-1536x1075.webp 1536w\" sizes=\"(max-width: 2000px) 100vw, 2000px\" \/><span aria-hidden=\"true\" class=\"wp-block-cover__background has-background-dim-0 has-background-dim\" style=\"background-color:#7a875b\"><\/span><div class=\"wp-block-cover__inner-container is-layout-flow wp-block-cover-is-layout-flow\">\n<p class=\"has-text-align-center has-large-font-size\"><\/p>\n<\/div><\/div>\n<\/div>\n\n\n\n<div class=\"wp-block-column is-vertically-aligned-center is-layout-flow wp-block-column-is-layout-flow\" style=\"padding-right:var(--wp--preset--spacing--60);padding-left:var(--wp--preset--spacing--50);flex-basis:50%\">\n<div class=\"wp-block-group is-layout-flow wp-block-group-is-layout-flow\" style=\"margin-top:0px;margin-right:0px;margin-bottom:0px;margin-left:0px\">\n<h2 class=\"wp-block-heading has-text-align-left has-minison-font-family has-text-color\" style=\"color:rgba(252,245,239,1);margin-top:0px;margin-right:0px;margin-bottom:40px;margin-left:0px;font-size:clamp(34.624px, 2.164rem + ((1vw - 3.2px) * 2.283), 62.7px);font-style:normal;font-weight:400;line-height:1.1\">A campsite near Figeac on the banks of the C\u00e9l\u00e9 river<\/h2>\n<\/div>\n\n\n\n<div class=\"wp-block-group group-paragraph is-layout-flow wp-block-group-is-layout-flow\" style=\"margin-top:0px;margin-right:0px;margin-bottom:0px;margin-left:0px\">\n<p class=\"has-text-align-left full-width has-text-color has-outreque-light-font-family\" style=\"color:rgba(252,245,239,1);margin-top:0px;margin-right:0px;margin-bottom:0px;margin-left:0px;font-size:clamp(14px, 0.875rem + ((1vw - 3.2px) * 0.163), 16px);font-style:normal;font-weight:300;line-height:1.9\">The Berges du C\u00e9l\u00e9 campsite in the Lot department of France boasts an unspoilt natural setting and a privileged riverside location.  <\/p>\n\n\n\n<p class=\"has-text-align-left full-width has-text-color has-outreque-light-font-family\" style=\"color:rgba(252,245,239,1);margin-top:0px;margin-right:0px;margin-bottom:0px;margin-left:0px;font-size:clamp(14px, 0.875rem + ((1vw - 3.2px) * 0.163), 16px);font-style:normal;font-weight:300;line-height:1.9\">Situated on the banks of the C\u00e9l\u00e9, a tributary of the Lot, the campsite offers guests<strong> direct access to the river<\/strong>. So you can <strong>relax<\/strong>,<strong> play<\/strong> or <strong>swim<\/strong> in total freedom! <\/p>\n\n\n\n<p class=\"has-text-align-left full-width has-text-color has-outreque-light-font-family\" style=\"color:rgba(252,245,239,1);margin-top:0px;margin-right:0px;margin-bottom:0px;margin-left:0px;font-size:clamp(14px, 0.875rem + ((1vw - 3.2px) * 0.163), 16px);font-style:normal;font-weight:300;line-height:1.9\">Whether you&#8217;re a traditional camper, a hiker or a family holidaymaker in a rental property, you&#8217;ll appreciate the <strong>freshness<\/strong> and <strong>serenity<\/strong> of this natural setting near B\u00e9ziers.<\/p>\n\n\n\n<p class=\"has-text-align-left full-width has-text-color has-outreque-light-font-family\" style=\"color:rgba(252,245,239,1);margin-top:0px;margin-right:0px;margin-bottom:0px;margin-left:0px;font-size:clamp(14px, 0.875rem + ((1vw - 3.2px) * 0.163), 16px);font-style:normal;font-weight:300;line-height:1.9\">The C\u00e9l\u00e9 river is both a playground and a spot of relaxation: you can dip your feet in to cool off, swim and swim in it, fish, or simply sit by the water to relax. With its direct access to the river, the Berges du C\u00e9l\u00e9 campsite encourages a<strong> reconnection with nature<\/strong>.   <\/p>\n\n\n\n<p class=\"has-text-align-left full-width has-text-color has-outreque-light-font-family\" style=\"color:rgba(252,245,239,1);margin-top:0px;margin-right:0px;margin-bottom:0px;margin-left:0px;font-size:clamp(14px, 0.875rem + ((1vw - 3.2px) * 0.163), 16px);font-style:normal;font-weight:300;line-height:1.9\">Its <strong>shady pitches<\/strong> close to the riverbank offer the ideal setting for a simple, rejuvenating vacation.<\/p>\n<\/div>\n<\/div>\n<\/div>\n<\/section>\n\n<section class=\"wp-block-group page-maillage has-global-padding is-layout-constrained wp-block-group-is-layout-constrained\" style=\"margin-top:var(--wp--preset--spacing--40);padding-bottom:10rem\">\n<p class=\"title-maillage-block has-custom-color-1-color has-text-color has-link-color has-minison-font-family wp-elements-38f95eedcc0b547c18f95edc05872d86\" style=\"font-size:clamp(26.465px, 1.654rem + ((1vw - 3.2px) * 1.507), 45px);\">Take a look at what we have to offer!<\/p>\n\n\n\n<div data-wp-context=\"{}\" data-wp-interactive=\"core\/query\" data-wp-key=\"0\" data-wp-router-region=\"query-0\" class=\"wp-block-query alignwide gt-fse-maillage-query is-layout-flow wp-block-query-is-layout-flow\"><ul class=\"columns-3 wp-block-post-template is-layout-grid wp-container-core-post-template-is-layout-6d3fbd8f wp-block-post-template-is-layout-grid\"><li data-wp-key=\"post-template-item-1516\" class=\"wp-block-post post-1516 page type-page status-publish has-post-thumbnail hentry\">\n<figure class=\"wp-block-post-featured-image\"><img decoding=\"async\" width=\"2000\" height=\"1400\" src=\"https:\/\/family-camp.fr\/wp-content\/uploads\/2025\/09\/1_resultat.webp\" class=\"attachment-full size-full wp-post-image\" alt=\"1_resultat\" style=\"object-fit:cover;\" srcset=\"https:\/\/family-camp.fr\/wp-content\/uploads\/2025\/09\/1_resultat.webp 2000w, https:\/\/family-camp.fr\/wp-content\/uploads\/2025\/09\/1_resultat-300x210.webp 300w, https:\/\/family-camp.fr\/wp-content\/uploads\/2025\/09\/1_resultat-1024x717.webp 1024w, https:\/\/family-camp.fr\/wp-content\/uploads\/2025\/09\/1_resultat-768x538.webp 768w, https:\/\/family-camp.fr\/wp-content\/uploads\/2025\/09\/1_resultat-1536x1075.webp 1536w\" sizes=\"(max-width: 2000px) 100vw, 2000px\" \/><\/figure>\n\n<p class=\"has-text-align-center has-custom-color-1-color has-text-color has-link-color has-minison-font-family has-large-font-size wp-elements-0f2f808560b7ba6d35944e6d7c0d92b2\">Seaside<\/p>\n\n<a class=\"is-style-lien-cover wp-block-read-more\" href=\"https:\/\/family-camp.fr\/en\/seaside-campsite-near-dieppe\/\" target=\"_self\">Read more<span class=\"screen-reader-text\">: Seaside<\/span><\/a>\n<\/li><li data-wp-key=\"post-template-item-1514\" class=\"wp-block-post post-1514 page type-page status-publish has-post-thumbnail hentry\">\n<figure class=\"wp-block-post-featured-image\"><img decoding=\"async\" width=\"2000\" height=\"1400\" src=\"https:\/\/family-camp.fr\/wp-content\/uploads\/2025\/09\/1_resultat-5.webp\" class=\"attachment-full size-full wp-post-image\" alt=\"1_resultat\" style=\"object-fit:cover;\" srcset=\"https:\/\/family-camp.fr\/wp-content\/uploads\/2025\/09\/1_resultat-5.webp 2000w, https:\/\/family-camp.fr\/wp-content\/uploads\/2025\/09\/1_resultat-5-300x210.webp 300w, https:\/\/family-camp.fr\/wp-content\/uploads\/2025\/09\/1_resultat-5-1024x717.webp 1024w, https:\/\/family-camp.fr\/wp-content\/uploads\/2025\/09\/1_resultat-5-768x538.webp 768w, https:\/\/family-camp.fr\/wp-content\/uploads\/2025\/09\/1_resultat-5-1536x1075.webp 1536w\" sizes=\"(max-width: 2000px) 100vw, 2000px\" \/><\/figure>\n\n<p class=\"has-text-align-center has-custom-color-1-color has-text-color has-link-color has-minison-font-family has-large-font-size wp-elements-0f2f808560b7ba6d35944e6d7c0d92b2\">Water Spaces<\/p>\n\n<a class=\"is-style-lien-cover wp-block-read-more\" href=\"https:\/\/family-camp.fr\/en\/aquatic-areas-campsite-seine-maritime-lot\/\" target=\"_self\">Read more<span class=\"screen-reader-text\">: Aquatic areas<\/span><\/a>\n<\/li><li data-wp-key=\"post-template-item-1522\" class=\"wp-block-post post-1522 page type-page status-publish has-post-thumbnail hentry\">\n<figure class=\"wp-block-post-featured-image\"><img decoding=\"async\" width=\"2000\" height=\"1400\" src=\"https:\/\/family-camp.fr\/wp-content\/uploads\/2025\/09\/1_resultat-7.webp\" class=\"attachment-full size-full wp-post-image\" alt=\"1_resultat\" style=\"object-fit:cover;\" srcset=\"https:\/\/family-camp.fr\/wp-content\/uploads\/2025\/09\/1_resultat-7.webp 2000w, https:\/\/family-camp.fr\/wp-content\/uploads\/2025\/09\/1_resultat-7-300x210.webp 300w, https:\/\/family-camp.fr\/wp-content\/uploads\/2025\/09\/1_resultat-7-1024x717.webp 1024w, https:\/\/family-camp.fr\/wp-content\/uploads\/2025\/09\/1_resultat-7-768x538.webp 768w, https:\/\/family-camp.fr\/wp-content\/uploads\/2025\/09\/1_resultat-7-1536x1075.webp 1536w\" sizes=\"(max-width: 2000px) 100vw, 2000px\" \/><\/figure>\n\n<p class=\"has-text-align-center has-custom-color-1-color has-text-color has-link-color has-minison-font-family has-large-font-size wp-elements-0f2f808560b7ba6d35944e6d7c0d92b2\">The animations<\/p>\n\n<a class=\"is-style-lien-cover wp-block-read-more\" href=\"https:\/\/family-camp.fr\/en\/campsites-animations-seine-maritime-herault-lot\/\" target=\"_self\">Read more<span class=\"screen-reader-text\">: The animations<\/span><\/a>\n<\/li><\/ul><\/div>\n<\/section>\n","protected":false},"excerpt":{"rendered":"<p>Choose one of our two riverside campsites in H\u00e9rault and Lot. Enjoy a riverside nature break at two of our campsites in H\u00e9rault, Lot and Seine-Maritime! A campsite near Figeac on the banks of the C\u00e9l\u00e9 river The Berges du C\u00e9l\u00e9 campsite in the Lot department of France boasts an unspoilt natural setting and a [&hellip;]<\/p>\n","protected":false},"author":1,"featured_media":1086,"parent":0,"menu_order":0,"comment_status":"closed","ping_status":"closed","template":"","meta":{"_acf_changed":false,"_seopress_robots_primary_cat":"","_seopress_titles_title":"Riverside campsites in H\u00e9rault and Lot","_seopress_titles_desc":"An unforgettable nature break on the banks of the Orb or C\u00e9l\u00e9 rivers. Choose a campsite near B\u00e9ziers or Figeac and enjoy private beaches and water activities! ","_seopress_robots_index":"","_gt_ctv_global_id":"","_gt_ctv_id_group":false,"inline_featured_image":false,"gt_fse_maillage_image":"https:\/\/family-camp.fr\/wp-content\/uploads\/2025\/09\/1_resultat-13.webp","gt_fse_maillage_titre":"River","gt_fse_maillage_alt":"camping near river in Lot and H\u00e9rault","gt_fse_maillage_resume":"","footnotes":""},"categories":[],"tags":[],"class_list":["post-1519","page","type-page","status-publish","has-post-thumbnail","hentry"],"acf":[],"_links":{"self":[{"href":"https:\/\/family-camp.fr\/en\/wp-json\/wp\/v2\/pages\/1519","targetHints":{"allow":["GET"]}}],"collection":[{"href":"https:\/\/family-camp.fr\/en\/wp-json\/wp\/v2\/pages"}],"about":[{"href":"https:\/\/family-camp.fr\/en\/wp-json\/wp\/v2\/types\/page"}],"author":[{"embeddable":true,"href":"https:\/\/family-camp.fr\/en\/wp-json\/wp\/v2\/users\/1"}],"replies":[{"embeddable":true,"href":"https:\/\/family-camp.fr\/en\/wp-json\/wp\/v2\/comments?post=1519"}],"version-history":[{"count":6,"href":"https:\/\/family-camp.fr\/en\/wp-json\/wp\/v2\/pages\/1519\/revisions"}],"predecessor-version":[{"id":1626,"href":"https:\/\/family-camp.fr\/en\/wp-json\/wp\/v2\/pages\/1519\/revisions\/1626"}],"wp:featuredmedia":[{"embeddable":true,"href":"https:\/\/family-camp.fr\/en\/wp-json\/wp\/v2\/media\/1086"}],"wp:attachment":[{"href":"https:\/\/family-camp.fr\/en\/wp-json\/wp\/v2\/media?parent=1519"}],"wp:term":[{"taxonomy":"category","embeddable":true,"href":"https:\/\/family-camp.fr\/en\/wp-json\/wp\/v2\/categories?post=1519"},{"taxonomy":"post_tag","embeddable":true,"href":"https:\/\/family-camp.fr\/en\/wp-json\/wp\/v2\/tags?post=1519"}],"curies":[{"name":"wp","href":"https:\/\/api.w.org\/{rel}","templated":true}]}}