{"id":1518,"date":"2025-07-04T09:09:09","date_gmt":"2025-07-04T07:09:09","guid":{"rendered":"https:\/\/family-camp.fr\/tourisme-lot\/"},"modified":"2025-09-22T14:48:42","modified_gmt":"2025-09-22T12:48:42","slug":"tourism-lot","status":"publish","type":"page","link":"https:\/\/family-camp.fr\/en\/tourism-lot\/","title":{"rendered":"Lot"},"content":{"rendered":"\n<section class=\"wp-block-group alignfull home-intro page-intro has-background has-global-padding is-layout-constrained wp-container-core-group-is-layout-e4b4af6a wp-block-group-is-layout-constrained\" style=\"border-top-left-radius:50px;border-top-right-radius:50px;border-bottom-left-radius:0px;border-bottom-right-radius:0px;background-color:rgba(252,245,239,1);margin-top:0px;margin-right:0px;margin-bottom:0px;margin-left:0px;padding-top:var(--wp--preset--spacing--20);padding-right:0px;padding-bottom:var(--wp--preset--spacing--50);padding-left:0px\">\n<div class=\"wp-block-columns alignwide is-layout-flex wp-container-core-columns-is-layout-df002bbd wp-block-columns-is-layout-flex\" style=\"border-radius:0px;margin-top:var(--wp--preset--spacing--50);margin-bottom:0px;padding-top:0px;padding-right:0px;padding-bottom:0px;padding-left:0px\">\n<div class=\"wp-block-column is-vertically-aligned-start is-layout-flow wp-block-column-is-layout-flow\" style=\"flex-basis:50%\">\n<div class=\"wp-block-group has-global-padding is-content-justification-left is-layout-constrained wp-container-core-group-is-layout-197b12c0 wp-block-group-is-layout-constrained\" style=\"margin-top:0px;margin-right:0px;margin-bottom:0px;margin-left:0px\">\n<h1 class=\"wp-block-heading has-text-align-left has-minison-font-family has-text-color\" style=\"color:rgba(6,5,94,1);margin-top:0px;margin-right:0px;margin-bottom:0px;margin-left:0px;font-size:clamp(39.623px, 2.476rem + ((1vw - 3.2px) * 2.811), 74.2px);font-style:normal;font-weight:400;line-height:1.0\">Explore the Lot: nature, history and gastronomy<\/h1>\n<\/div>\n<\/div>\n\n\n\n<div class=\"wp-block-column is-vertically-aligned-center is-layout-flow wp-block-column-is-layout-flow\" style=\"flex-basis:50%\">\n<div class=\"wp-block-group is-horizontal is-content-justification-center is-nowrap is-layout-flex wp-container-core-group-is-layout-f8ff1399 wp-block-group-is-layout-flex\" style=\"border-radius:0px;margin-top:0px;margin-right:0px;margin-bottom:0px;margin-left:0px;padding-top:0px;padding-right:0px;padding-bottom:0px;padding-left:0px\">\n<div class=\"wp-block-group group-paragraph has-global-padding is-content-justification-left is-layout-constrained wp-container-core-group-is-layout-6a9def6a wp-block-group-is-layout-constrained\" style=\"margin-top:0px;margin-right:0px;margin-bottom:0px;margin-left:0px\">\n<p class=\"has-text-align-left has-text-color has-outreque-light-font-family\" style=\"color:rgba(98,91,113,1);margin-top:0px;margin-right:0px;margin-bottom:0px;margin-left:0px;font-size:clamp(14px, 0.875rem + ((1vw - 3.2px) * 0.244), 17px);font-style:normal;font-weight:300;line-height:1.9\">Discover the Lot by staying at Les Berges du C\u00e9l\u00e9, one of our <a href=\"https:\/\/family-camp.fr\/en\/\" data-type=\"page\" data-id=\"8\">FamilyCamp campsites near Figeac, Dieppe or B\u00e9ziers<\/a>!<\/p>\n<\/div>\n<\/div>\n<\/div>\n<\/div>\n<\/section>\n\n<section class=\"wp-block-group alignfull section-riviere has-background is-layout-flow wp-container-core-group-is-layout-b27904b2 wp-block-group-is-layout-flow\" style=\"border-top-left-radius:0px;border-top-right-radius:0px;border-bottom-left-radius:0px;border-bottom-right-radius:0px;background-color:rgba(252,245,239,1);margin-top:0px;margin-right:0px;margin-bottom:0px;margin-left:0px;padding-top:0px;padding-right:0px;padding-bottom:6px;padding-left:0px\">\n<div data-swiper=\"{&quot;speed&quot;:1000,&quot;autoplay&quot;:{&quot;delay&quot;:5000,&quot;disableOnInteraction&quot;:false},&quot;spaceBetween&quot;:0,&quot;slidesPerView&quot;:1,&quot;pagination&quot;:{&quot;el&quot;:&quot;.swiper-pagination&quot;,&quot;dynamicBullets&quot;:true,&quot;clickable&quot;:true,&quot;type&quot;:&quot;bullets&quot;},&quot;navigation&quot;:{&quot;nextEl&quot;:&quot;.swiper-button-next&quot;,&quot;prevEl&quot;:&quot;.swiper-button-prev&quot;},&quot;breakpoints&quot;:[{&quot;slidesPerView&quot;:1}]}\" class=\"wp-block-cover alignfull has-custom-content-position is-position-bottom-center blob-image\" style=\"border-top-left-radius:50px;border-top-right-radius:50px;min-height:110vh;aspect-ratio:unset;\"><img decoding=\"async\" width=\"2000\" height=\"1400\" class=\"wp-block-cover__image-background wp-image-1052 size-full\" alt=\"2_resultat\" src=\"https:\/\/family-camp.fr\/wp-content\/uploads\/2025\/09\/2_resultat-8.webp\" data-object-fit=\"cover\" srcset=\"https:\/\/family-camp.fr\/wp-content\/uploads\/2025\/09\/2_resultat-8.webp 2000w, https:\/\/family-camp.fr\/wp-content\/uploads\/2025\/09\/2_resultat-8-300x210.webp 300w, https:\/\/family-camp.fr\/wp-content\/uploads\/2025\/09\/2_resultat-8-1024x717.webp 1024w, https:\/\/family-camp.fr\/wp-content\/uploads\/2025\/09\/2_resultat-8-768x538.webp 768w, https:\/\/family-camp.fr\/wp-content\/uploads\/2025\/09\/2_resultat-8-1536x1075.webp 1536w\" sizes=\"(max-width: 2000px) 100vw, 2000px\" \/><span aria-hidden=\"true\" class=\"wp-block-cover__background has-background-dim-60 has-background-dim wp-block-cover__gradient-background has-background-gradient\" style=\"background:linear-gradient(173deg,rgba(7,146,227,0) 0%,rgb(34,33,33) 41%)\"><\/span><div class=\"wp-block-cover__inner-container is-layout-flow wp-block-cover-is-layout-flow\">\n<div class=\"wp-block-columns alignwide is-layout-flex wp-container-core-columns-is-layout-1177095f wp-block-columns-is-layout-flex\" style=\"border-radius:0px;margin-top:0px;margin-right:0px;margin-bottom:0px;margin-left:0px;padding-top:0px;padding-right:0px;padding-bottom:var(--wp--preset--spacing--60);padding-left:0px\">\n<div class=\"wp-block-column is-vertically-aligned-end is-layout-flow wp-block-column-is-layout-flow\" style=\"flex-basis:50%\"><\/div>\n\n\n\n<div class=\"wp-block-column is-vertically-aligned-center is-layout-flow wp-block-column-is-layout-flow\" style=\"padding-right:var(--wp--preset--spacing--50);flex-basis:50%\">\n<div class=\"wp-block-group is-layout-flow wp-block-group-is-layout-flow\" style=\"margin-top:0px;margin-right:0px;margin-bottom:0px;margin-left:0px\">\n<h2 class=\"wp-block-heading has-text-align-left text-nowrap has-outreque-black-font-family has-text-color\" style=\"color:rgba(252,245,239,1);margin-top:0px;margin-right:0px;margin-bottom:0px;margin-left:0px;padding-bottom:var(--wp--preset--spacing--20);font-size:clamp(19.481px, 1.218rem + ((1vw - 3.2px) * 0.937), 31px);font-style:normal;font-weight:900;line-height:1.1;text-transform:none\">Enchanting landscapes in the heart of Quercy<\/h2>\n<\/div>\n\n\n\n<div class=\"wp-block-group group-paragraph is-layout-flow wp-block-group-is-layout-flow\" style=\"margin-top:0px;margin-right:0px;margin-bottom:0px;margin-left:0px\">\n<p class=\"has-text-align-left full-width has-text-color has-outreque-medium-font-family\" style=\"color:rgba(255,255,255,1);margin-top:0px;margin-right:0px;margin-bottom:0px;margin-left:0px;font-size:clamp(14px, 0.875rem + ((1vw - 3.2px) * 0.244), 17px);line-height:1.9\">In the Lot, in the <strong>historic Quercy region<\/strong>, the variety of landscapes offers the perfect setting for a vacation, whether you want to be active or relaxing! <\/p>\n\n\n\n<p class=\"has-text-align-left full-width has-text-color has-outreque-medium-font-family\" style=\"color:rgba(255,255,255,1);margin-top:0px;margin-right:0px;margin-bottom:0px;margin-left:0px;font-size:clamp(14px, 0.875rem + ((1vw - 3.2px) * 0.244), 17px);line-height:1.9\">The <strong>C\u00e9l\u00e9<\/strong> <strong>valley<\/strong>, with its cliffs, wild river and natural beaches, is ideal for swimming, canoeing and hiking. Emblematic of the Lot region, the <a href=\"https:\/\/www.tourisme-lot.com\/parc-naturel-regional-des-causses-du-quercy\/\" target=\"_blank\" rel=\"noreferrer noopener nofollow\">limestone plateaus of the Causses<\/a> offer vast spaces for short strolls and long excursions, between marked trails and spectacular viewpoints.  <\/p>\n\n\n\n<p class=\"has-text-align-left full-width has-text-color has-outreque-medium-font-family\" style=\"color:rgba(255,255,255,1);margin-top:0px;margin-right:0px;margin-bottom:0px;margin-left:0px;font-size:clamp(14px, 0.875rem + ((1vw - 3.2px) * 0.244), 17px);line-height:1.9\">The Lot region is home to many <strong>picturesque villages<\/strong> and must-see sites such as <strong>Rocamadour<\/strong> and the <strong>Gouffre de Padirac<\/strong>. Discover an authentic, unspoilt environment, perfect for relaxing and enjoying the great outdoors! <\/p>\n<\/div>\n<\/div>\n<\/div>\n<\/div><\/div>\n<\/section>\n\n<section class=\"wp-block-group section-services page-two has-custom-color-5-background-color has-background is-layout-flow wp-block-group-is-layout-flow\" style=\"border-top-left-radius:50px;border-top-right-radius:50px;padding-top:var(--wp--preset--spacing--50);padding-bottom:var(--wp--preset--spacing--60)\">\n<div class=\"wp-block-columns alignwide is-layout-flex wp-container-core-columns-is-layout-beebde9b wp-block-columns-is-layout-flex\" style=\"border-radius:0px;margin-top:0px;margin-right:0px;margin-bottom:0px;margin-left:0px;padding-top:0px;padding-right:0px;padding-bottom:0px;padding-left:0px\">\n<div class=\"wp-block-column is-vertically-aligned-center left is-layout-flow wp-block-column-is-layout-flow\" style=\"flex-basis:50%\">\n<div data-swiper=\"{&quot;speed&quot;:1000,&quot;autoplay&quot;:{&quot;delay&quot;:5000,&quot;disableOnInteraction&quot;:false},&quot;spaceBetween&quot;:0,&quot;slidesPerView&quot;:1,&quot;pagination&quot;:{&quot;el&quot;:&quot;.swiper-pagination&quot;,&quot;dynamicBullets&quot;:true,&quot;clickable&quot;:true,&quot;type&quot;:&quot;bullets&quot;},&quot;navigation&quot;:{&quot;nextEl&quot;:&quot;.swiper-button-next&quot;,&quot;prevEl&quot;:&quot;.swiper-button-prev&quot;},&quot;breakpoints&quot;:[{&quot;slidesPerView&quot;:1}]}\" class=\"wp-block-cover alignwide has-custom-content-position is-position-top-center blob-image\" style=\"border-top-right-radius:25px;border-bottom-right-radius:25px;min-height:850px;aspect-ratio:unset;\"><img decoding=\"async\" width=\"2000\" height=\"1400\" class=\"wp-block-cover__image-background wp-image-1054 size-full\" alt=\"3_resultat\" src=\"https:\/\/family-camp.fr\/wp-content\/uploads\/2025\/09\/3_resultat-7.webp\" data-object-fit=\"cover\" srcset=\"https:\/\/family-camp.fr\/wp-content\/uploads\/2025\/09\/3_resultat-7.webp 2000w, https:\/\/family-camp.fr\/wp-content\/uploads\/2025\/09\/3_resultat-7-300x210.webp 300w, https:\/\/family-camp.fr\/wp-content\/uploads\/2025\/09\/3_resultat-7-1024x717.webp 1024w, https:\/\/family-camp.fr\/wp-content\/uploads\/2025\/09\/3_resultat-7-768x538.webp 768w, https:\/\/family-camp.fr\/wp-content\/uploads\/2025\/09\/3_resultat-7-1536x1075.webp 1536w\" sizes=\"(max-width: 2000px) 100vw, 2000px\" \/><span aria-hidden=\"true\" class=\"wp-block-cover__background has-background-dim-0 has-background-dim\" style=\"background-color:#707172\"><\/span><div class=\"wp-block-cover__inner-container is-layout-flow wp-block-cover-is-layout-flow\">\n<p class=\"has-text-align-center has-large-font-size\"><\/p>\n<\/div><\/div>\n<\/div>\n\n\n\n<div class=\"wp-block-column is-vertically-aligned-center is-layout-flow wp-block-column-is-layout-flow\" style=\"padding-right:var(--wp--preset--spacing--60);padding-left:var(--wp--preset--spacing--50);flex-basis:50%\">\n<div class=\"wp-block-group is-layout-flow wp-block-group-is-layout-flow\" style=\"margin-top:0px;margin-right:0px;margin-bottom:0px;margin-left:0px\">\n<h2 class=\"wp-block-heading has-text-align-left has-minison-font-family has-text-color\" style=\"color:rgba(252,245,239,1);margin-top:0px;margin-right:0px;margin-bottom:40px;margin-left:0px;font-size:clamp(34.624px, 2.164rem + ((1vw - 3.2px) * 2.283), 62.7px);font-style:normal;font-weight:400;line-height:1.1\">An exceptional historical and architectural heritage<\/h2>\n<\/div>\n\n\n\n<div class=\"wp-block-group group-paragraph is-layout-flow wp-block-group-is-layout-flow\" style=\"margin-top:0px;margin-right:0px;margin-bottom:0px;margin-left:0px\">\n<p class=\"has-text-align-left full-width has-text-color has-outreque-light-font-family\" style=\"color:rgba(252,245,239,1);margin-top:0px;margin-right:0px;margin-bottom:0px;margin-left:0px;font-size:clamp(14px, 0.875rem + ((1vw - 3.2px) * 0.163), 16px);font-style:normal;font-weight:300;line-height:1.9\">A holiday in the Lot is also a promise of cultural discoveries and <strong>architectural treasures<\/strong>. <\/p>\n\n\n\n<p class=\"has-text-align-left full-width has-text-color has-outreque-light-font-family\" style=\"color:rgba(252,245,239,1);margin-top:0px;margin-right:0px;margin-bottom:0px;margin-left:0px;font-size:clamp(14px, 0.875rem + ((1vw - 3.2px) * 0.163), 16px);font-style:normal;font-weight:300;line-height:1.9\">In <strong>Figeac<\/strong>, Ville d&#8217;Art et d&#8217;Histoire, you can stroll between medieval houses and visit fascinating museums, such as the one dedicated to Champollion and the writings of the world. <\/p>\n\n\n\n<p class=\"has-text-align-left full-width has-text-color has-outreque-light-font-family\" style=\"color:rgba(252,245,239,1);margin-top:0px;margin-right:0px;margin-bottom:0px;margin-left:0px;font-size:clamp(14px, 0.875rem + ((1vw - 3.2px) * 0.163), 16px);font-style:normal;font-weight:300;line-height:1.9\">Just a few kilometers away, explore the characterful villages of <strong>Capdenac-le-Haut<\/strong> and <strong>Cardaillac<\/strong>, as well as the Renaissance <a href=\"https:\/\/www.chateau-assier.fr\/\" target=\"_blank\" rel=\"noreferrer noopener nofollow\">Ch\u00e2teau d&#8217;Assier<\/a>. The <strong>Route de Saint-Jacques-de-Compostelle<\/strong>, which crosses the Lot, will lead you to an exceptional <strong>religious heritage<\/strong>, <strong>medieval remains<\/strong> and <strong>natural gems<\/strong>. <\/p>\n\n\n\n<p class=\"has-text-align-left full-width has-text-color has-outreque-light-font-family\" style=\"color:rgba(252,245,239,1);margin-top:0px;margin-right:0px;margin-bottom:0px;margin-left:0px;font-size:clamp(14px, 0.875rem + ((1vw - 3.2px) * 0.163), 16px);font-style:normal;font-weight:300;line-height:1.9\">Don&#8217;t miss the sacred city of Rocamadour, less than an hour from your FamilyCamp campsite!<\/p>\n<\/div>\n<\/div>\n<\/div>\n<\/section>\n\n<section class=\"wp-block-group section-services page-two reverse has-custom-color-6-background-color has-background is-layout-flow wp-block-group-is-layout-flow\" style=\"border-top-left-radius:50px;border-top-right-radius:50px;padding-top:var(--wp--preset--spacing--50);padding-bottom:var(--wp--preset--spacing--60)\">\n<div class=\"wp-block-columns alignwide is-layout-flex wp-container-core-columns-is-layout-beebde9b wp-block-columns-is-layout-flex\" style=\"border-radius:0px;margin-top:0px;margin-right:0px;margin-bottom:0px;margin-left:0px;padding-top:0px;padding-right:0px;padding-bottom:0px;padding-left:0px\">\n<div class=\"wp-block-column is-vertically-aligned-center is-layout-flow wp-block-column-is-layout-flow\" style=\"padding-right:var(--wp--preset--spacing--60);padding-left:var(--wp--preset--spacing--50);flex-basis:50%\">\n<div class=\"wp-block-group is-layout-flow wp-block-group-is-layout-flow\" style=\"margin-top:0px;margin-right:0px;margin-bottom:0px;margin-left:0px\">\n<h2 class=\"wp-block-heading has-text-align-left has-minison-font-family has-custom-color-1-color has-text-color\" style=\"margin-top:0px;margin-right:0px;margin-bottom:40px;margin-left:0px;font-size:clamp(34.624px, 2.164rem + ((1vw - 3.2px) * 2.283), 62.7px);font-style:normal;font-weight:400;line-height:1.1\">Authentic gastronomy to discover<\/h2>\n<\/div>\n\n\n\n<div class=\"wp-block-group group-paragraph is-layout-flow wp-block-group-is-layout-flow\" style=\"margin-top:0px;margin-right:0px;margin-bottom:0px;margin-left:0px\">\n<p class=\"has-text-align-left full-width has-text-color has-outreque-light-font-family\" style=\"color:#625b71;margin-top:0px;margin-right:0px;margin-bottom:0px;margin-left:0px;font-size:clamp(14px, 0.875rem + ((1vw - 3.2px) * 0.163), 16px);font-style:normal;font-weight:300;line-height:1.9\">It&#8217;s impossible to think of tourism in the Lot without thinking of its <strong>generous and authentic gastronomy<\/strong>! Here, <strong>duck<\/strong> comes in all shapes and sizes: foie gras, confits, magrets and gizzards&#8230;  <\/p>\n\n\n\n<p class=\"has-text-align-left full-width has-text-color has-outreque-light-font-family\" style=\"color:#625b71;margin-top:0px;margin-right:0px;margin-bottom:0px;margin-left:0px;font-size:clamp(14px, 0.875rem + ((1vw - 3.2px) * 0.163), 16px);font-style:normal;font-weight:300;line-height:1.9\">On the cheese side, the small but powerful <strong>Rocamadour PDO<\/strong> can be enjoyed both hot and cold, as can Cab\u00e9cou. <\/p>\n\n\n\n<p class=\"has-text-align-left full-width has-text-color has-outreque-light-font-family\" style=\"color:#625b71;margin-top:0px;margin-right:0px;margin-bottom:0px;margin-left:0px;font-size:clamp(14px, 0.875rem + ((1vw - 3.2px) * 0.163), 16px);font-style:normal;font-weight:300;line-height:1.9\">Connoisseurs will love the specialties based on the <a href=\"https:\/\/www.tourisme-lot.com\/produits-du-terroir\/la-truffe\" target=\"_blank\" rel=\"noreferrer noopener nofollow\">Quercy black truffle<\/a>, an emblematic product of the region. To accompany these delicacies, don&#8217;t miss the rich, dark and powerful <strong>AOP<\/strong> <strong>wines<\/strong> <strong>of Cahors<\/strong>, perfect for local dishes. <\/p>\n\n\n\n<p class=\"has-text-align-left full-width has-text-color has-outreque-light-font-family\" style=\"color:#625b71;margin-top:0px;margin-right:0px;margin-bottom:0px;margin-left:0px;font-size:clamp(14px, 0.875rem + ((1vw - 3.2px) * 0.163), 16px);font-style:normal;font-weight:300;line-height:1.9\">Farmer&#8217;s markets, farms and fine restaurants: your vacation in the Lot region also has plenty of <strong>culinary<\/strong> delights in store!<\/p>\n<\/div>\n<\/div>\n\n\n\n<div class=\"wp-block-column is-vertically-aligned-center left is-layout-flow wp-block-column-is-layout-flow\" style=\"flex-basis:50%\">\n<div data-swiper=\"{&quot;speed&quot;:1000,&quot;autoplay&quot;:{&quot;delay&quot;:5000,&quot;disableOnInteraction&quot;:false},&quot;spaceBetween&quot;:0,&quot;slidesPerView&quot;:1,&quot;pagination&quot;:{&quot;el&quot;:&quot;.swiper-pagination&quot;,&quot;dynamicBullets&quot;:true,&quot;clickable&quot;:true,&quot;type&quot;:&quot;bullets&quot;},&quot;navigation&quot;:{&quot;nextEl&quot;:&quot;.swiper-button-next&quot;,&quot;prevEl&quot;:&quot;.swiper-button-prev&quot;},&quot;breakpoints&quot;:[{&quot;slidesPerView&quot;:1}]}\" class=\"wp-block-cover alignwide is-light has-custom-content-position is-position-top-center blob-image\" style=\"border-top-left-radius:50px;border-top-right-radius:0px;border-bottom-left-radius:50px;border-bottom-right-radius:0px;min-height:850px;aspect-ratio:unset;\"><img decoding=\"async\" width=\"2000\" height=\"1400\" class=\"wp-block-cover__image-background wp-image-1125 size-full\" alt=\"gastronomie lot\" src=\"https:\/\/family-camp.fr\/wp-content\/uploads\/2025\/09\/5-4_resultat.webp\" data-object-fit=\"cover\" srcset=\"https:\/\/family-camp.fr\/wp-content\/uploads\/2025\/09\/5-4_resultat.webp 2000w, https:\/\/family-camp.fr\/wp-content\/uploads\/2025\/09\/5-4_resultat-300x210.webp 300w, https:\/\/family-camp.fr\/wp-content\/uploads\/2025\/09\/5-4_resultat-1024x717.webp 1024w, https:\/\/family-camp.fr\/wp-content\/uploads\/2025\/09\/5-4_resultat-768x538.webp 768w, https:\/\/family-camp.fr\/wp-content\/uploads\/2025\/09\/5-4_resultat-1536x1075.webp 1536w\" sizes=\"(max-width: 2000px) 100vw, 2000px\" \/><span aria-hidden=\"true\" class=\"wp-block-cover__background has-background-dim-0 has-background-dim\" style=\"background-color:#b99f90\"><\/span><div class=\"wp-block-cover__inner-container is-layout-flow wp-block-cover-is-layout-flow\">\n<p class=\"has-text-align-center has-large-font-size\"><\/p>\n<\/div><\/div>\n<\/div>\n<\/div>\n<\/section>\n\n<section class=\"wp-block-group page-maillage has-global-padding is-layout-constrained wp-block-group-is-layout-constrained\" style=\"padding-bottom:10rem\">\n<p class=\"title-maillage-block has-custom-color-1-color has-text-color has-link-color has-minison-font-family wp-elements-d1aa65a168b6acec7f87355e036fc2a5\" style=\"font-size:clamp(26.465px, 1.654rem + ((1vw - 3.2px) * 1.507), 45px);\">Within easy reach: leisure, heritage and nature!<\/p>\n\n\n\n<div data-wp-context=\"{}\" data-wp-interactive=\"core\/query\" data-wp-key=\"0\" data-wp-router-region=\"query-0\" class=\"wp-block-query alignwide gt-fse-maillage-query is-layout-flow wp-block-query-is-layout-flow\"><ul class=\"columns-3 wp-block-post-template is-layout-grid wp-container-core-post-template-is-layout-6d3fbd8f wp-block-post-template-is-layout-grid\"><li data-wp-key=\"post-template-item-1494\" class=\"wp-block-post post-1494 page type-page status-publish has-post-thumbnail hentry\">\n<figure class=\"wp-block-post-featured-image\"><img decoding=\"async\" width=\"2000\" height=\"1400\" src=\"https:\/\/family-camp.fr\/wp-content\/uploads\/2025\/09\/1_resultat-6.webp\" class=\"attachment-full size-full wp-post-image\" alt=\"1_resultat\" style=\"object-fit:cover;\" srcset=\"https:\/\/family-camp.fr\/wp-content\/uploads\/2025\/09\/1_resultat-6.webp 2000w, https:\/\/family-camp.fr\/wp-content\/uploads\/2025\/09\/1_resultat-6-300x210.webp 300w, https:\/\/family-camp.fr\/wp-content\/uploads\/2025\/09\/1_resultat-6-1024x717.webp 1024w, https:\/\/family-camp.fr\/wp-content\/uploads\/2025\/09\/1_resultat-6-768x538.webp 768w, https:\/\/family-camp.fr\/wp-content\/uploads\/2025\/09\/1_resultat-6-1536x1075.webp 1536w\" sizes=\"(max-width: 2000px) 100vw, 2000px\" \/><\/figure>\n\n<p class=\"has-text-align-center has-custom-color-1-color has-text-color has-link-color has-minison-font-family has-large-font-size wp-elements-0f2f808560b7ba6d35944e6d7c0d92b2\">H\u00e9rault<\/p>\n\n<a class=\"is-style-lien-cover wp-block-read-more\" href=\"https:\/\/family-camp.fr\/en\/tourism-herault\/\" target=\"_self\">Read more<span class=\"screen-reader-text\">: H\u00e9rault<\/span><\/a>\n<\/li><li data-wp-key=\"post-template-item-1523\" class=\"wp-block-post post-1523 page type-page status-publish has-post-thumbnail hentry\">\n<figure class=\"wp-block-post-featured-image\"><img decoding=\"async\" width=\"2000\" height=\"1400\" src=\"https:\/\/family-camp.fr\/wp-content\/uploads\/2025\/09\/1_resultat-14.webp\" class=\"attachment-full size-full wp-post-image\" alt=\"1_resultat\" style=\"object-fit:cover;\" srcset=\"https:\/\/family-camp.fr\/wp-content\/uploads\/2025\/09\/1_resultat-14.webp 2000w, https:\/\/family-camp.fr\/wp-content\/uploads\/2025\/09\/1_resultat-14-300x210.webp 300w, https:\/\/family-camp.fr\/wp-content\/uploads\/2025\/09\/1_resultat-14-1024x717.webp 1024w, https:\/\/family-camp.fr\/wp-content\/uploads\/2025\/09\/1_resultat-14-768x538.webp 768w, https:\/\/family-camp.fr\/wp-content\/uploads\/2025\/09\/1_resultat-14-1536x1075.webp 1536w\" sizes=\"(max-width: 2000px) 100vw, 2000px\" \/><\/figure>\n\n<p class=\"has-text-align-center has-custom-color-1-color has-text-color has-link-color has-minison-font-family has-large-font-size wp-elements-0f2f808560b7ba6d35944e6d7c0d92b2\">Seine-Maritime<\/p>\n\n<a class=\"is-style-lien-cover wp-block-read-more\" href=\"https:\/\/family-camp.fr\/en\/tourism-seine-maritime\/\" target=\"_self\">Read more<span class=\"screen-reader-text\">: Seine-Maritime<\/span><\/a>\n<\/li><li data-wp-key=\"post-template-item-1519\" class=\"wp-block-post post-1519 page type-page status-publish has-post-thumbnail hentry\">\n<figure class=\"wp-block-post-featured-image\"><img decoding=\"async\" width=\"2000\" height=\"1400\" src=\"https:\/\/family-camp.fr\/wp-content\/uploads\/2025\/09\/1_resultat-13.webp\" class=\"attachment-full size-full wp-post-image\" alt=\"1_resultat\" style=\"object-fit:cover;\" srcset=\"https:\/\/family-camp.fr\/wp-content\/uploads\/2025\/09\/1_resultat-13.webp 2000w, https:\/\/family-camp.fr\/wp-content\/uploads\/2025\/09\/1_resultat-13-300x210.webp 300w, https:\/\/family-camp.fr\/wp-content\/uploads\/2025\/09\/1_resultat-13-1024x717.webp 1024w, https:\/\/family-camp.fr\/wp-content\/uploads\/2025\/09\/1_resultat-13-768x538.webp 768w, https:\/\/family-camp.fr\/wp-content\/uploads\/2025\/09\/1_resultat-13-1536x1075.webp 1536w\" sizes=\"(max-width: 2000px) 100vw, 2000px\" \/><\/figure>\n\n<p class=\"has-text-align-center has-custom-color-1-color has-text-color has-link-color has-minison-font-family has-large-font-size wp-elements-0f2f808560b7ba6d35944e6d7c0d92b2\">River<\/p>\n\n<a class=\"is-style-lien-cover wp-block-read-more\" href=\"https:\/\/family-camp.fr\/en\/riverbank-campsite-near-beziers-near-figeac\/\" target=\"_self\">Read more<span class=\"screen-reader-text\">: River<\/span><\/a>\n<\/li><\/ul><\/div>\n<\/section>\n","protected":false},"excerpt":{"rendered":"<p>Explore the Lot: nature, history and gastronomy Discover the Lot by staying at Les Berges du C\u00e9l\u00e9, one of our FamilyCamp campsites near Figeac, Dieppe or B\u00e9ziers! An exceptional historical and architectural heritage A holiday in the Lot is also a promise of cultural discoveries and architectural treasures. In Figeac, Ville d&#8217;Art et d&#8217;Histoire, you [&hellip;]<\/p>\n","protected":false},"author":1,"featured_media":1051,"parent":0,"menu_order":0,"comment_status":"closed","ping_status":"closed","template":"","meta":{"_acf_changed":false,"_seopress_robots_primary_cat":"","_seopress_titles_title":"Tourism in the Lot: landscapes, heritage, gastronomy","_seopress_titles_desc":"Stay at Berges du C\u00e9l\u00e9 and explore the Lot: Quercy landscapes, picturesque villages, local cuisine and exceptional historic sites.","_seopress_robots_index":"","_gt_ctv_global_id":"","_gt_ctv_id_group":false,"inline_featured_image":false,"gt_fse_maillage_image":"https:\/\/family-camp.fr\/wp-content\/uploads\/2025\/09\/1_resultat-9.webp","gt_fse_maillage_titre":"Lot","gt_fse_maillage_alt":"vacation lot","gt_fse_maillage_resume":"","footnotes":""},"categories":[],"tags":[],"class_list":["post-1518","page","type-page","status-publish","has-post-thumbnail","hentry"],"acf":[],"_links":{"self":[{"href":"https:\/\/family-camp.fr\/en\/wp-json\/wp\/v2\/pages\/1518","targetHints":{"allow":["GET"]}}],"collection":[{"href":"https:\/\/family-camp.fr\/en\/wp-json\/wp\/v2\/pages"}],"about":[{"href":"https:\/\/family-camp.fr\/en\/wp-json\/wp\/v2\/types\/page"}],"author":[{"embeddable":true,"href":"https:\/\/family-camp.fr\/en\/wp-json\/wp\/v2\/users\/1"}],"replies":[{"embeddable":true,"href":"https:\/\/family-camp.fr\/en\/wp-json\/wp\/v2\/comments?post=1518"}],"version-history":[{"count":4,"href":"https:\/\/family-camp.fr\/en\/wp-json\/wp\/v2\/pages\/1518\/revisions"}],"predecessor-version":[{"id":1633,"href":"https:\/\/family-camp.fr\/en\/wp-json\/wp\/v2\/pages\/1518\/revisions\/1633"}],"wp:featuredmedia":[{"embeddable":true,"href":"https:\/\/family-camp.fr\/en\/wp-json\/wp\/v2\/media\/1051"}],"wp:attachment":[{"href":"https:\/\/family-camp.fr\/en\/wp-json\/wp\/v2\/media?parent=1518"}],"wp:term":[{"taxonomy":"category","embeddable":true,"href":"https:\/\/family-camp.fr\/en\/wp-json\/wp\/v2\/categories?post=1518"},{"taxonomy":"post_tag","embeddable":true,"href":"https:\/\/family-camp.fr\/en\/wp-json\/wp\/v2\/tags?post=1518"}],"curies":[{"name":"wp","href":"https:\/\/api.w.org\/{rel}","templated":true}]}}