{"id":1494,"date":"2025-07-04T09:09:03","date_gmt":"2025-07-04T07:09:03","guid":{"rendered":"https:\/\/family-camp.fr\/tourisme-herault\/"},"modified":"2025-09-22T14:47:35","modified_gmt":"2025-09-22T12:47:35","slug":"tourism-herault","status":"publish","type":"page","link":"https:\/\/family-camp.fr\/en\/tourism-herault\/","title":{"rendered":"H\u00e9rault"},"content":{"rendered":"\n<section class=\"wp-block-group alignfull home-intro page-intro has-background has-global-padding is-layout-constrained wp-container-core-group-is-layout-e4b4af6a wp-block-group-is-layout-constrained\" style=\"border-top-left-radius:50px;border-top-right-radius:50px;border-bottom-left-radius:0px;border-bottom-right-radius:0px;background-color:rgba(252,245,239,1);margin-top:0px;margin-right:0px;margin-bottom:0px;margin-left:0px;padding-top:var(--wp--preset--spacing--20);padding-right:0px;padding-bottom:var(--wp--preset--spacing--50);padding-left:0px\">\n<div class=\"wp-block-columns alignwide is-layout-flex wp-container-core-columns-is-layout-df002bbd wp-block-columns-is-layout-flex\" style=\"border-radius:0px;margin-top:var(--wp--preset--spacing--50);margin-bottom:0px;padding-top:0px;padding-right:0px;padding-bottom:0px;padding-left:0px\">\n<div class=\"wp-block-column is-vertically-aligned-start is-layout-flow wp-block-column-is-layout-flow\" style=\"flex-basis:50%\">\n<div class=\"wp-block-group has-global-padding is-content-justification-left is-layout-constrained wp-container-core-group-is-layout-197b12c0 wp-block-group-is-layout-constrained\" style=\"margin-top:0px;margin-right:0px;margin-bottom:0px;margin-left:0px\">\n<h1 class=\"wp-block-heading has-text-align-left has-minison-font-family has-text-color\" style=\"color:rgba(6,5,94,1);margin-top:0px;margin-right:0px;margin-bottom:0px;margin-left:0px;font-size:clamp(39.623px, 2.476rem + ((1vw - 3.2px) * 2.811), 74.2px);font-style:normal;font-weight:400;line-height:1.0\">Discover H\u00e9rault: a tourist gem in Occitanie<\/h1>\n<\/div>\n<\/div>\n\n\n\n<div class=\"wp-block-column is-vertically-aligned-center is-layout-flow wp-block-column-is-layout-flow\" style=\"flex-basis:50%\">\n<div class=\"wp-block-group is-horizontal is-content-justification-center is-nowrap is-layout-flex wp-container-core-group-is-layout-f8ff1399 wp-block-group-is-layout-flex\" style=\"border-radius:0px;margin-top:0px;margin-right:0px;margin-bottom:0px;margin-left:0px;padding-top:0px;padding-right:0px;padding-bottom:0px;padding-left:0px\">\n<div class=\"wp-block-group has-global-padding is-content-justification-left is-layout-constrained wp-container-core-group-is-layout-6a9def6a wp-block-group-is-layout-constrained\" style=\"margin-top:0px;margin-right:0px;margin-bottom:0px;margin-left:0px\">\n<p class=\"has-text-align-left has-text-color has-outreque-light-font-family\" style=\"color:rgba(98,91,113,1);margin-top:0px;margin-right:0px;margin-bottom:0px;margin-left:0px;font-size:clamp(14px, 0.875rem + ((1vw - 3.2px) * 0.244), 17px);font-style:normal;font-weight:300;line-height:1.9\">La Plage de l&#8217;Orb, one of <a href=\"https:\/\/family-camp.fr\/en\/\" data-type=\"page\" data-id=\"8\">FamilyCamp &#8216;s campsites near B\u00e9ziers, Dieppe and Figeac<\/a>, is a wonderful place to discover the H\u00e9rault region!<\/p>\n<\/div>\n<\/div>\n<\/div>\n<\/div>\n<\/section>\n\n<section class=\"wp-block-group alignfull section-riviere has-background is-layout-flow wp-container-core-group-is-layout-b27904b2 wp-block-group-is-layout-flow\" style=\"border-top-left-radius:0px;border-top-right-radius:0px;border-bottom-left-radius:0px;border-bottom-right-radius:0px;background-color:rgba(252,245,239,1);margin-top:0px;margin-right:0px;margin-bottom:0px;margin-left:0px;padding-top:0px;padding-right:0px;padding-bottom:6px;padding-left:0px\">\n<div data-swiper=\"{&quot;speed&quot;:1000,&quot;autoplay&quot;:{&quot;delay&quot;:5000,&quot;disableOnInteraction&quot;:false},&quot;spaceBetween&quot;:0,&quot;slidesPerView&quot;:1,&quot;pagination&quot;:{&quot;el&quot;:&quot;.swiper-pagination&quot;,&quot;dynamicBullets&quot;:true,&quot;clickable&quot;:true,&quot;type&quot;:&quot;bullets&quot;},&quot;navigation&quot;:{&quot;nextEl&quot;:&quot;.swiper-button-next&quot;,&quot;prevEl&quot;:&quot;.swiper-button-prev&quot;},&quot;breakpoints&quot;:[{&quot;slidesPerView&quot;:1}]}\" class=\"wp-block-cover alignfull has-custom-content-position is-position-bottom-center blob-image\" style=\"border-top-left-radius:50px;border-top-right-radius:50px;min-height:110vh;aspect-ratio:unset;\"><img decoding=\"async\" width=\"2000\" height=\"1400\" class=\"wp-block-cover__image-background wp-image-1015 size-full\" alt=\"2_resultat\" src=\"https:\/\/family-camp.fr\/wp-content\/uploads\/2025\/09\/2_resultat-5.webp\" data-object-fit=\"cover\" srcset=\"https:\/\/family-camp.fr\/wp-content\/uploads\/2025\/09\/2_resultat-5.webp 2000w, https:\/\/family-camp.fr\/wp-content\/uploads\/2025\/09\/2_resultat-5-300x210.webp 300w, https:\/\/family-camp.fr\/wp-content\/uploads\/2025\/09\/2_resultat-5-1024x717.webp 1024w, https:\/\/family-camp.fr\/wp-content\/uploads\/2025\/09\/2_resultat-5-768x538.webp 768w, https:\/\/family-camp.fr\/wp-content\/uploads\/2025\/09\/2_resultat-5-1536x1075.webp 1536w\" sizes=\"(max-width: 2000px) 100vw, 2000px\" \/><span aria-hidden=\"true\" class=\"wp-block-cover__background has-contrast-background-color has-background-dim-30 has-background-dim\"><\/span><div class=\"wp-block-cover__inner-container is-layout-flow wp-block-cover-is-layout-flow\">\n<div class=\"wp-block-columns alignwide is-layout-flex wp-container-core-columns-is-layout-1177095f wp-block-columns-is-layout-flex\" style=\"border-radius:0px;margin-top:0px;margin-right:0px;margin-bottom:0px;margin-left:0px;padding-top:0px;padding-right:0px;padding-bottom:var(--wp--preset--spacing--60);padding-left:0px\">\n<div class=\"wp-block-column is-vertically-aligned-end is-layout-flow wp-block-column-is-layout-flow\" style=\"flex-basis:50%\"><\/div>\n\n\n\n<div class=\"wp-block-column is-vertically-aligned-center is-layout-flow wp-block-column-is-layout-flow\" style=\"padding-right:var(--wp--preset--spacing--50);flex-basis:50%\">\n<div class=\"wp-block-group is-layout-flow wp-block-group-is-layout-flow\" style=\"margin-top:0px;margin-right:0px;margin-bottom:0px;margin-left:0px\">\n<h2 class=\"wp-block-heading has-text-align-left text-nowrap has-outreque-black-font-family has-text-color\" style=\"color:rgba(252,245,239,1);margin-top:0px;margin-right:0px;margin-bottom:0px;margin-left:0px;padding-bottom:var(--wp--preset--spacing--20);font-size:clamp(19.481px, 1.218rem + ((1vw - 3.2px) * 0.937), 31px);font-style:normal;font-weight:900;line-height:1.1;text-transform:none\">Breathtaking landscapes: beaches, gorges and vineyards<\/h2>\n<\/div>\n\n\n\n<div class=\"wp-block-group group-paragraph is-layout-flow wp-block-group-is-layout-flow\" style=\"margin-top:0px;margin-right:0px;margin-bottom:0px;margin-left:0px\">\n<p class=\"has-text-align-left full-width has-text-color has-outreque-medium-font-family\" style=\"color:rgba(255,255,255,1);margin-top:0px;margin-right:0px;margin-bottom:0px;margin-left:0px;font-size:clamp(14px, 0.875rem + ((1vw - 3.2px) * 0.244), 17px);line-height:1.9\">The H\u00e9rault offers a condensed <strong>variety of landscapes<\/strong> to explore without moderation. To the west, the <strong>Orb valley<\/strong>, sculpted by water, combines shady banks, pebble beaches and authentic villages.  <\/p>\n\n\n\n<p class=\"has-text-align-left full-width has-text-color has-outreque-medium-font-family\" style=\"color:rgba(255,255,255,1);margin-top:0px;margin-right:0px;margin-bottom:0px;margin-left:0px;font-size:clamp(14px, 0.875rem + ((1vw - 3.2px) * 0.244), 17px);line-height:1.9\">Further south, the <a href=\"https:\/\/www.saintchinian.fr\/vignobles-st-chinian-34\" target=\"_blank\" rel=\"noreferrer noopener nofollow\">Saint-Chinian vineyards<\/a> are set in a typically Mediterranean landscape of hills and garrigue. On the seaside, the coast rolls out its <strong>long beaches, both wild and lively<\/strong>: Valras, S\u00e9rignan, Vendres&#8230; <\/p>\n\n\n\n<p class=\"has-text-align-left full-width has-text-color has-outreque-medium-font-family\" style=\"color:rgba(255,255,255,1);margin-top:0px;margin-right:0px;margin-bottom:0px;margin-left:0px;font-size:clamp(14px, 0.875rem + ((1vw - 3.2px) * 0.244), 17px);line-height:1.9\">Tourism in the H\u00e9rault also means swimming, night markets and seaside walks! As you head<strong>inland<\/strong>, the causses, forests, gorges and riverside paths form an ideal playground for <strong>hiking<\/strong> and <strong>outdoor sports<\/strong>. <\/p>\n<\/div>\n<\/div>\n<\/div>\n<\/div><\/div>\n<\/section>\n\n<section class=\"wp-block-group section-services page-two has-custom-color-5-background-color has-background is-layout-flow wp-block-group-is-layout-flow\" style=\"border-top-left-radius:50px;border-top-right-radius:50px;padding-top:var(--wp--preset--spacing--50);padding-bottom:var(--wp--preset--spacing--60)\">\n<div class=\"wp-block-columns alignwide is-layout-flex wp-container-core-columns-is-layout-beebde9b wp-block-columns-is-layout-flex\" style=\"border-radius:0px;margin-top:0px;margin-right:0px;margin-bottom:0px;margin-left:0px;padding-top:0px;padding-right:0px;padding-bottom:0px;padding-left:0px\">\n<div class=\"wp-block-column is-vertically-aligned-center left is-layout-flow wp-block-column-is-layout-flow\" style=\"flex-basis:50%\">\n<div data-swiper=\"{&quot;speed&quot;:1000,&quot;autoplay&quot;:{&quot;delay&quot;:5000,&quot;disableOnInteraction&quot;:false},&quot;spaceBetween&quot;:0,&quot;slidesPerView&quot;:1,&quot;pagination&quot;:{&quot;el&quot;:&quot;.swiper-pagination&quot;,&quot;dynamicBullets&quot;:true,&quot;clickable&quot;:true,&quot;type&quot;:&quot;bullets&quot;},&quot;navigation&quot;:{&quot;nextEl&quot;:&quot;.swiper-button-next&quot;,&quot;prevEl&quot;:&quot;.swiper-button-prev&quot;},&quot;breakpoints&quot;:[{&quot;slidesPerView&quot;:1}]}\" class=\"wp-block-cover alignwide is-light has-custom-content-position is-position-top-center blob-image\" style=\"border-top-right-radius:25px;border-bottom-right-radius:25px;min-height:750px;aspect-ratio:unset;\"><img decoding=\"async\" width=\"2000\" height=\"1400\" class=\"wp-block-cover__image-background wp-image-1017 size-full\" alt=\"3_resultat\" src=\"https:\/\/family-camp.fr\/wp-content\/uploads\/2025\/09\/3_resultat-4.webp\" data-object-fit=\"cover\" srcset=\"https:\/\/family-camp.fr\/wp-content\/uploads\/2025\/09\/3_resultat-4.webp 2000w, https:\/\/family-camp.fr\/wp-content\/uploads\/2025\/09\/3_resultat-4-300x210.webp 300w, https:\/\/family-camp.fr\/wp-content\/uploads\/2025\/09\/3_resultat-4-1024x717.webp 1024w, https:\/\/family-camp.fr\/wp-content\/uploads\/2025\/09\/3_resultat-4-768x538.webp 768w, https:\/\/family-camp.fr\/wp-content\/uploads\/2025\/09\/3_resultat-4-1536x1075.webp 1536w\" sizes=\"(max-width: 2000px) 100vw, 2000px\" \/><span aria-hidden=\"true\" class=\"wp-block-cover__background has-background-dim-0 has-background-dim\"><\/span><div class=\"wp-block-cover__inner-container is-layout-flow wp-block-cover-is-layout-flow\">\n<p class=\"has-text-align-center has-large-font-size\"><\/p>\n<\/div><\/div>\n<\/div>\n\n\n\n<div class=\"wp-block-column is-vertically-aligned-center is-layout-flow wp-block-column-is-layout-flow\" style=\"padding-right:var(--wp--preset--spacing--60);padding-left:var(--wp--preset--spacing--50);flex-basis:50%\">\n<div class=\"wp-block-group is-layout-flow wp-block-group-is-layout-flow\" style=\"margin-top:0px;margin-right:0px;margin-bottom:0px;margin-left:0px\">\n<h2 class=\"wp-block-heading has-text-align-left has-minison-font-family has-text-color\" style=\"color:rgba(252,245,239,1);margin-top:0px;margin-right:0px;margin-bottom:40px;margin-left:0px;font-size:clamp(34.624px, 2.164rem + ((1vw - 3.2px) * 2.283), 62.7px);font-style:normal;font-weight:400;line-height:1.1\">A rich cultural and historical heritage<\/h2>\n<\/div>\n\n\n\n<div class=\"wp-block-group group-paragraph is-layout-flow wp-block-group-is-layout-flow\" style=\"margin-top:0px;margin-right:0px;margin-bottom:0px;margin-left:0px\">\n<p class=\"has-text-align-left full-width has-text-color has-outreque-light-font-family\" style=\"color:rgba(252,245,239,1);margin-top:0px;margin-right:0px;margin-bottom:0px;margin-left:0px;font-size:clamp(14px, 0.875rem + ((1vw - 3.2px) * 0.163), 16px);font-style:normal;font-weight:300;line-height:1.9\">The H\u00e9rault also has a <strong>rich and lively heritage<\/strong>. In <strong>B\u00e9ziers<\/strong>, you&#8217;ll find yourself strolling between ancient streets, the Gothic cathedral and all\u00e9es Paul-Riquet.  <\/p>\n\n\n\n<p class=\"has-text-align-left full-width has-text-color has-outreque-light-font-family\" style=\"color:rgba(252,245,239,1);margin-top:0px;margin-right:0px;margin-bottom:0px;margin-left:0px;font-size:clamp(14px, 0.875rem + ((1vw - 3.2px) * 0.163), 16px);font-style:normal;font-weight:300;line-height:1.9\">One of the most spectacular sites on the <strong>Canal du Midi<\/strong>, the <a href=\"https:\/\/www.beziers-mediterranee.com\/decouvrez\/le-canal-du-midi\/les-9-ecluses-de-fonseranes\/\" target=\"_blank\" rel=\"noreferrer noopener nofollow\">Fonseranes locks<\/a> are a must-see in the H\u00e9rault region. In Saint-Chinian, between stone and vineyards not far from La Plage de l&#8217;Orb campsite, the Benedictine abbey recounts over a thousand years of history. And don&#8217;t miss the <strong>picturesque villages<\/strong> of Olargues, Minerve and Roquebrun, nestled in nature or perched on their spurs.   <\/p>\n\n\n\n<p class=\"has-text-align-left full-width has-text-color has-outreque-light-font-family\" style=\"color:rgba(252,245,239,1);margin-top:0px;margin-right:0px;margin-bottom:0px;margin-left:0px;font-size:clamp(14px, 0.875rem + ((1vw - 3.2px) * 0.163), 16px);font-style:normal;font-weight:300;line-height:1.9\">A whole territory awaits you in the H\u00e9rault to combine <strong>cultural discoveries<\/strong>, <strong>nature<\/strong> outings and encounters with the <strong>past<\/strong>.<\/p>\n<\/div>\n<\/div>\n<\/div>\n<\/section>\n\n<section class=\"wp-block-group section-services page-two reverse has-custom-color-6-background-color has-background is-layout-flow wp-block-group-is-layout-flow\" style=\"border-top-left-radius:50px;border-top-right-radius:50px;padding-top:var(--wp--preset--spacing--50);padding-bottom:var(--wp--preset--spacing--60)\">\n<div class=\"wp-block-columns alignwide is-layout-flex wp-container-core-columns-is-layout-beebde9b wp-block-columns-is-layout-flex\" style=\"border-radius:0px;margin-top:0px;margin-right:0px;margin-bottom:0px;margin-left:0px;padding-top:0px;padding-right:0px;padding-bottom:0px;padding-left:0px\">\n<div class=\"wp-block-column is-vertically-aligned-center is-layout-flow wp-block-column-is-layout-flow\" style=\"padding-right:var(--wp--preset--spacing--60);padding-left:var(--wp--preset--spacing--50);flex-basis:50%\">\n<div class=\"wp-block-group is-layout-flow wp-block-group-is-layout-flow\" style=\"margin-top:0px;margin-right:0px;margin-bottom:0px;margin-left:0px\">\n<h2 class=\"wp-block-heading has-text-align-left has-minison-font-family has-custom-color-1-color has-text-color\" style=\"margin-top:0px;margin-right:0px;margin-bottom:40px;margin-left:0px;font-size:clamp(34.624px, 2.164rem + ((1vw - 3.2px) * 2.283), 62.7px);font-style:normal;font-weight:400;line-height:1.1\">Leisure and activities for the whole family<\/h2>\n<\/div>\n\n\n\n<div class=\"wp-block-group group-paragraph is-layout-flow wp-block-group-is-layout-flow\" style=\"margin-top:0px;margin-right:0px;margin-bottom:0px;margin-left:0px\">\n<p class=\"has-text-align-left full-width has-text-color has-outreque-light-font-family\" style=\"color:#625b71;margin-top:0px;margin-right:0px;margin-bottom:0px;margin-left:0px;font-size:clamp(14px, 0.875rem + ((1vw - 3.2px) * 0.163), 16px);font-style:normal;font-weight:300;line-height:1.9\">A tourist destination for the whole family, H\u00e9rault offers a wide range<strong>of activities<\/strong> for all ages and tastes! <\/p>\n\n\n\n<p class=\"has-text-align-left full-width has-text-color has-outreque-light-font-family\" style=\"color:#625b71;margin-top:0px;margin-right:0px;margin-bottom:0px;margin-left:0px;font-size:clamp(14px, 0.875rem + ((1vw - 3.2px) * 0.163), 16px);font-style:normal;font-weight:300;line-height:1.9\">From the campsite, take a <strong>canoe<\/strong> trip on the Orb coastal river, or embark on <strong>kayaks<\/strong> for a more sporting excursion. <\/p>\n\n\n\n<p class=\"has-text-align-left full-width has-text-color has-outreque-light-font-family\" style=\"color:#625b71;margin-top:0px;margin-right:0px;margin-bottom:0px;margin-left:0px;font-size:clamp(14px, 0.875rem + ((1vw - 3.2px) * 0.163), 16px);font-style:normal;font-weight:300;line-height:1.9\">Still on the water, enjoy a guided <strong>cruise<\/strong> on the Canal du Midi with the Bateaux du Soleil company, and discover the locks, canal bridges and other works of art on the canal. <\/p>\n\n\n\n<p class=\"has-text-align-left full-width has-text-color has-outreque-light-font-family\" style=\"color:#625b71;margin-top:0px;margin-right:0px;margin-bottom:0px;margin-left:0px;font-size:clamp(14px, 0.875rem + ((1vw - 3.2px) * 0.163), 16px);font-style:normal;font-weight:300;line-height:1.9\">For an active day out with the family, come and try out the courses at the <a href=\"https:\/\/beziersaventure.com\/\" target=\"_blank\" rel=\"noreferrer noopener nofollow\">B\u00e9ziers Aventure accrobranche park<\/a>. And don&#8217;t forget the<strong> beaches of Valras<\/strong>, just 35 minutes from La Plage de l&#8217;Orb campsite! <\/p>\n<\/div>\n<\/div>\n\n\n\n<div class=\"wp-block-column is-vertically-aligned-center left is-layout-flow wp-block-column-is-layout-flow\" style=\"flex-basis:50%\">\n<div data-swiper=\"{&quot;speed&quot;:1000,&quot;autoplay&quot;:{&quot;delay&quot;:5000,&quot;disableOnInteraction&quot;:false},&quot;spaceBetween&quot;:0,&quot;slidesPerView&quot;:1,&quot;pagination&quot;:{&quot;el&quot;:&quot;.swiper-pagination&quot;,&quot;dynamicBullets&quot;:true,&quot;clickable&quot;:true,&quot;type&quot;:&quot;bullets&quot;},&quot;navigation&quot;:{&quot;nextEl&quot;:&quot;.swiper-button-next&quot;,&quot;prevEl&quot;:&quot;.swiper-button-prev&quot;},&quot;breakpoints&quot;:[{&quot;slidesPerView&quot;:1}]}\" class=\"wp-block-cover alignwide has-custom-content-position is-position-top-center blob-image\" style=\"border-top-left-radius:50px;border-top-right-radius:0px;border-bottom-left-radius:50px;border-bottom-right-radius:0px;min-height:750px;aspect-ratio:unset;\"><img decoding=\"async\" width=\"2560\" height=\"1437\" class=\"wp-block-cover__image-background wp-image-1019 size-full\" alt=\"4_resultat\" src=\"https:\/\/family-camp.fr\/wp-content\/uploads\/2025\/09\/4_resultat-2-scaled.webp\" data-object-fit=\"cover\" srcset=\"https:\/\/family-camp.fr\/wp-content\/uploads\/2025\/09\/4_resultat-2-scaled.webp 2560w, https:\/\/family-camp.fr\/wp-content\/uploads\/2025\/09\/4_resultat-2-300x168.webp 300w, https:\/\/family-camp.fr\/wp-content\/uploads\/2025\/09\/4_resultat-2-1024x575.webp 1024w, https:\/\/family-camp.fr\/wp-content\/uploads\/2025\/09\/4_resultat-2-768x431.webp 768w, https:\/\/family-camp.fr\/wp-content\/uploads\/2025\/09\/4_resultat-2-1536x862.webp 1536w, https:\/\/family-camp.fr\/wp-content\/uploads\/2025\/09\/4_resultat-2-2048x1149.webp 2048w\" sizes=\"(max-width: 2560px) 100vw, 2560px\" \/><span aria-hidden=\"true\" class=\"wp-block-cover__background has-background-dim-0 has-background-dim\"><\/span><div class=\"wp-block-cover__inner-container is-layout-flow wp-block-cover-is-layout-flow\">\n<p class=\"has-text-align-center has-large-font-size\"><\/p>\n<\/div><\/div>\n<\/div>\n<\/div>\n<\/section>\n\n<section class=\"wp-block-group page-maillage has-global-padding is-layout-constrained wp-block-group-is-layout-constrained\" style=\"padding-bottom:10rem\">\n<p class=\"title-maillage-block has-custom-color-1-color has-text-color has-link-color has-minison-font-family wp-elements-53f0210da2d42f68d703280e0507c200\" style=\"font-size:clamp(26.465px, 1.654rem + ((1vw - 3.2px) * 1.507), 45px);\">Come and discover!<\/p>\n\n\n\n<div data-wp-context=\"{}\" data-wp-interactive=\"core\/query\" data-wp-key=\"0\" data-wp-router-region=\"query-0\" class=\"wp-block-query alignwide gt-fse-maillage-query is-layout-flow wp-block-query-is-layout-flow\"><ul class=\"columns-3 wp-block-post-template is-layout-grid wp-container-core-post-template-is-layout-6d3fbd8f wp-block-post-template-is-layout-grid\"><li data-wp-key=\"post-template-item-1523\" class=\"wp-block-post post-1523 page type-page status-publish has-post-thumbnail hentry\">\n<figure class=\"wp-block-post-featured-image\"><img decoding=\"async\" width=\"2000\" height=\"1400\" src=\"https:\/\/family-camp.fr\/wp-content\/uploads\/2025\/09\/1_resultat-14.webp\" class=\"attachment-full size-full wp-post-image\" alt=\"1_resultat\" style=\"object-fit:cover;\" srcset=\"https:\/\/family-camp.fr\/wp-content\/uploads\/2025\/09\/1_resultat-14.webp 2000w, https:\/\/family-camp.fr\/wp-content\/uploads\/2025\/09\/1_resultat-14-300x210.webp 300w, https:\/\/family-camp.fr\/wp-content\/uploads\/2025\/09\/1_resultat-14-1024x717.webp 1024w, https:\/\/family-camp.fr\/wp-content\/uploads\/2025\/09\/1_resultat-14-768x538.webp 768w, https:\/\/family-camp.fr\/wp-content\/uploads\/2025\/09\/1_resultat-14-1536x1075.webp 1536w\" sizes=\"(max-width: 2000px) 100vw, 2000px\" \/><\/figure>\n\n<p class=\"has-text-align-center has-custom-color-1-color has-text-color has-link-color has-minison-font-family has-large-font-size wp-elements-0f2f808560b7ba6d35944e6d7c0d92b2\">Seine-Maritime<\/p>\n\n<a class=\"is-style-lien-cover wp-block-read-more\" href=\"https:\/\/family-camp.fr\/en\/tourism-seine-maritime\/\" target=\"_self\">Read more<span class=\"screen-reader-text\">: Seine-Maritime<\/span><\/a>\n<\/li><li data-wp-key=\"post-template-item-1518\" class=\"wp-block-post post-1518 page type-page status-publish has-post-thumbnail hentry\">\n<figure class=\"wp-block-post-featured-image\"><img decoding=\"async\" width=\"2000\" height=\"1400\" src=\"https:\/\/family-camp.fr\/wp-content\/uploads\/2025\/09\/1_resultat-9.webp\" class=\"attachment-full size-full wp-post-image\" alt=\"1_resultat\" style=\"object-fit:cover;\" srcset=\"https:\/\/family-camp.fr\/wp-content\/uploads\/2025\/09\/1_resultat-9.webp 2000w, https:\/\/family-camp.fr\/wp-content\/uploads\/2025\/09\/1_resultat-9-300x210.webp 300w, https:\/\/family-camp.fr\/wp-content\/uploads\/2025\/09\/1_resultat-9-1024x717.webp 1024w, https:\/\/family-camp.fr\/wp-content\/uploads\/2025\/09\/1_resultat-9-768x538.webp 768w, https:\/\/family-camp.fr\/wp-content\/uploads\/2025\/09\/1_resultat-9-1536x1075.webp 1536w\" sizes=\"(max-width: 2000px) 100vw, 2000px\" \/><\/figure>\n\n<p class=\"has-text-align-center has-custom-color-1-color has-text-color has-link-color has-minison-font-family has-large-font-size wp-elements-0f2f808560b7ba6d35944e6d7c0d92b2\">Lot<\/p>\n\n<a class=\"is-style-lien-cover wp-block-read-more\" href=\"https:\/\/family-camp.fr\/en\/tourism-lot\/\" target=\"_self\">Read more<span class=\"screen-reader-text\">: Lot<\/span><\/a>\n<\/li><li data-wp-key=\"post-template-item-1516\" class=\"wp-block-post post-1516 page type-page status-publish has-post-thumbnail hentry\">\n<figure class=\"wp-block-post-featured-image\"><img decoding=\"async\" width=\"2000\" height=\"1400\" src=\"https:\/\/family-camp.fr\/wp-content\/uploads\/2025\/09\/1_resultat.webp\" class=\"attachment-full size-full wp-post-image\" alt=\"1_resultat\" style=\"object-fit:cover;\" srcset=\"https:\/\/family-camp.fr\/wp-content\/uploads\/2025\/09\/1_resultat.webp 2000w, https:\/\/family-camp.fr\/wp-content\/uploads\/2025\/09\/1_resultat-300x210.webp 300w, https:\/\/family-camp.fr\/wp-content\/uploads\/2025\/09\/1_resultat-1024x717.webp 1024w, https:\/\/family-camp.fr\/wp-content\/uploads\/2025\/09\/1_resultat-768x538.webp 768w, https:\/\/family-camp.fr\/wp-content\/uploads\/2025\/09\/1_resultat-1536x1075.webp 1536w\" sizes=\"(max-width: 2000px) 100vw, 2000px\" \/><\/figure>\n\n<p class=\"has-text-align-center has-custom-color-1-color has-text-color has-link-color has-minison-font-family has-large-font-size wp-elements-0f2f808560b7ba6d35944e6d7c0d92b2\">Seaside<\/p>\n\n<a class=\"is-style-lien-cover wp-block-read-more\" href=\"https:\/\/family-camp.fr\/en\/seaside-campsite-near-dieppe\/\" target=\"_self\">Read more<span class=\"screen-reader-text\">: Seaside<\/span><\/a>\n<\/li><\/ul><\/div>\n<\/section>\n","protected":false},"excerpt":{"rendered":"<p>Discover H\u00e9rault: a tourist gem in Occitanie La Plage de l&#8217;Orb, one of FamilyCamp &#8216;s campsites near B\u00e9ziers, Dieppe and Figeac, is a wonderful place to discover the H\u00e9rault region! A rich cultural and historical heritage The H\u00e9rault also has a rich and lively heritage. In B\u00e9ziers, you&#8217;ll find yourself strolling between ancient streets, the [&hellip;]<\/p>\n","protected":false},"author":1,"featured_media":1014,"parent":0,"menu_order":0,"comment_status":"closed","ping_status":"closed","template":"","meta":{"_acf_changed":false,"_seopress_robots_primary_cat":"","_seopress_titles_title":"Tourism in H\u00e9rault: landscapes, heritage, leisure activities","_seopress_titles_desc":"H\u00e9rault awaits you with its beaches, vineyards and villages: an unforgettable vacation of relaxation, cultural discovery and family activities!","_seopress_robots_index":"","_gt_ctv_global_id":"","_gt_ctv_id_group":false,"inline_featured_image":false,"gt_fse_maillage_image":"https:\/\/family-camp.fr\/wp-content\/uploads\/2025\/09\/1_resultat-6.webp","gt_fse_maillage_titre":"H\u00e9rault","gt_fse_maillage_alt":"vacations herault","gt_fse_maillage_resume":"","footnotes":""},"categories":[],"tags":[],"class_list":["post-1494","page","type-page","status-publish","has-post-thumbnail","hentry"],"acf":[],"_links":{"self":[{"href":"https:\/\/family-camp.fr\/en\/wp-json\/wp\/v2\/pages\/1494","targetHints":{"allow":["GET"]}}],"collection":[{"href":"https:\/\/family-camp.fr\/en\/wp-json\/wp\/v2\/pages"}],"about":[{"href":"https:\/\/family-camp.fr\/en\/wp-json\/wp\/v2\/types\/page"}],"author":[{"embeddable":true,"href":"https:\/\/family-camp.fr\/en\/wp-json\/wp\/v2\/users\/1"}],"replies":[{"embeddable":true,"href":"https:\/\/family-camp.fr\/en\/wp-json\/wp\/v2\/comments?post=1494"}],"version-history":[{"count":4,"href":"https:\/\/family-camp.fr\/en\/wp-json\/wp\/v2\/pages\/1494\/revisions"}],"predecessor-version":[{"id":1631,"href":"https:\/\/family-camp.fr\/en\/wp-json\/wp\/v2\/pages\/1494\/revisions\/1631"}],"wp:featuredmedia":[{"embeddable":true,"href":"https:\/\/family-camp.fr\/en\/wp-json\/wp\/v2\/media\/1014"}],"wp:attachment":[{"href":"https:\/\/family-camp.fr\/en\/wp-json\/wp\/v2\/media?parent=1494"}],"wp:term":[{"taxonomy":"category","embeddable":true,"href":"https:\/\/family-camp.fr\/en\/wp-json\/wp\/v2\/categories?post=1494"},{"taxonomy":"post_tag","embeddable":true,"href":"https:\/\/family-camp.fr\/en\/wp-json\/wp\/v2\/tags?post=1494"}],"curies":[{"name":"wp","href":"https:\/\/api.w.org\/{rel}","templated":true}]}}